{"id":27934,"date":"2025-01-08T08:50:41","date_gmt":"2025-01-08T08:50:41","guid":{"rendered":"https:\/\/v1-retreats.com\/politica-de-privacidade\/"},"modified":"2025-02-09T01:14:22","modified_gmt":"2025-02-09T01:14:22","slug":"politica-de-privacidade","status":"publish","type":"page","link":"https:\/\/v1-retreats.com\/pt-pt\/politica-de-privacidade\/","title":{"rendered":"Pol\u00edtica de privacidade"},"content":{"rendered":"\n<h2 class=\"wp-block-heading\"><strong>Introdu\u00e7\u00e3o<\/strong><\/h2>\n\n<p>A V1 Retreats (&#8220;n\u00f3s&#8221;, &#8220;nosso&#8221;, &#8220;nos&#8221;) est\u00e1 empenhada em proteger e respeitar a tua privacidade. Esta Pol\u00edtica de Privacidade descreve como recolhemos, utilizamos e salvaguardamos a tua informa\u00e7\u00e3o pessoal quando utilizas os nossos servi\u00e7os ou visitas o nosso website. Ao utilizares os nossos servi\u00e7os, concordas com os termos desta Pol\u00edtica de Privacidade.  <br\/><br\/><\/p>\n\n<h3 class=\"wp-block-heading\"><strong>Quem somos<\/strong><\/h3>\n\n<p>A V1 Retreats \u00e9 uma empresa de aluguer de vivendas de luxo sediada no Reino Unido. Somos especializados em proporcionar experi\u00eancias de aluguer de vivendas \u00e0 medida e um servi\u00e7o de apoio ao cliente excecional. <br\/><br\/><\/p>\n\n<h3 class=\"wp-block-heading\"><strong>Informa\u00e7\u00f5es que recolhemos<\/strong><\/h3>\n\n<p>Podemos recolher os seguintes tipos de informa\u00e7\u00f5es:<\/p>\n\n<ol start=\"1\" class=\"wp-block-list\">\n<li><strong>Informa\u00e7\u00f5es pessoais fornecidas por ti:<\/strong>\n<ul class=\"wp-block-list\">\n<li>Nome, endere\u00e7o de correio eletr\u00f3nico, n\u00famero de telefone e endere\u00e7o postal.<\/li>\n\n\n\n<li>Informa\u00e7\u00f5es de pagamento (por exemplo, detalhes do cart\u00e3o de cr\u00e9dito\/d\u00e9bito).<\/li>\n\n\n\n<li>Detalhes da reserva (por exemplo, datas de viagem, prefer\u00eancias).<\/li>\n\n\n\n<li>Prefer\u00eancias de comunica\u00e7\u00e3o.<\/li>\n<\/ul>\n<\/li>\n\n\n\n<li><strong>Informa\u00e7\u00f5es recolhidas automaticamente:<\/strong>\n<ul class=\"wp-block-list\">\n<li>Endere\u00e7o IP, tipo de browser e sistema operativo.<\/li>\n\n\n\n<li>Informa\u00e7\u00f5es sobre a tua visita, incluindo as p\u00e1ginas visualizadas e o tempo passado no nosso site.<\/li>\n\n\n\n<li>Cookies e tecnologias de rastreio semelhantes (consulta a nossa Pol\u00edtica de Cookies para mais informa\u00e7\u00f5es).<\/li>\n<\/ul>\n<\/li>\n<\/ol>\n\n<h3 class=\"wp-block-heading\"><br\/><strong>Como utilizamos as tuas informa\u00e7\u00f5es<\/strong><\/h3>\n\n<p>Utilizamos as tuas informa\u00e7\u00f5es para os seguintes fins:<\/p>\n\n<ol start=\"1\" class=\"wp-block-list\">\n<li><strong>Presta\u00e7\u00e3o de servi\u00e7os:<\/strong>\n<ul class=\"wp-block-list\">\n<li>Para processar e gerir as tuas reservas.<\/li>\n\n\n\n<li>Para comunicar contigo relativamente \u00e0s tuas reservas e ao apoio ao cliente.<\/li>\n<\/ul>\n<\/li>\n\n\n\n<li><strong>Marketing e promo\u00e7\u00f5es:<\/strong>\n<ul class=\"wp-block-list\">\n<li>Para te enviar boletins informativos, ofertas promocionais e actualiza\u00e7\u00f5es (com o teu consentimento).<\/li>\n\n\n\n<li>Para personalizar a tua experi\u00eancia e recomendar propriedades ou servi\u00e7os que te possam interessar.<\/li>\n<\/ul>\n<\/li>\n\n\n\n<li><strong>Melhorar os nossos servi\u00e7os:<\/strong>\n<ul class=\"wp-block-list\">\n<li>Para analisar a utiliza\u00e7\u00e3o do s\u00edtio Web e melhorar a funcionalidade.<\/li>\n\n\n\n<li>Para melhorar o servi\u00e7o e o apoio ao cliente.<\/li>\n<\/ul>\n<\/li>\n\n\n\n<li><strong>Legal e de conformidade:<\/strong>\n<ul class=\"wp-block-list\">\n<li>Para cumprir obriga\u00e7\u00f5es legais, como a manuten\u00e7\u00e3o de registos e a preven\u00e7\u00e3o de fraudes.<\/li>\n<\/ul>\n<\/li>\n<\/ol>\n\n<h3 class=\"wp-block-heading\"><br\/><strong>Como partilhamos as tuas informa\u00e7\u00f5es<\/strong><\/h3>\n\n<p>N\u00e3o vendemos as tuas informa\u00e7\u00f5es pessoais. No entanto, podemos partilhar as tuas informa\u00e7\u00f5es com as seguintes partes: <\/p>\n\n<ol start=\"1\" class=\"wp-block-list\">\n<li><strong>Prestadores de servi\u00e7os:<\/strong>\n<ul class=\"wp-block-list\">\n<li>Fornecedores terceiros que prestam assist\u00eancia no processamento de pagamentos, marketing, alojamento de s\u00edtios Web e apoio inform\u00e1tico.<\/li>\n<\/ul>\n<\/li>\n\n\n\n<li><strong>Propriet\u00e1rios de im\u00f3veis:<\/strong>\n<ul class=\"wp-block-list\">\n<li>Informa\u00e7\u00f5es limitadas necess\u00e1rias para a gest\u00e3o do aluguer da tua villa.<\/li>\n<\/ul>\n<\/li>\n\n\n\n<li><strong>Autoridades legais:<\/strong>\n<ul class=\"wp-block-list\">\n<li>Quando exigido por lei ou para proteger os nossos direitos e propriedade.<\/li>\n<\/ul>\n<\/li>\n<\/ol>\n\n<h3 class=\"wp-block-heading\"><br\/><strong>Seguran\u00e7a dos dados<\/strong><\/h3>\n\n<p>Implementamos medidas t\u00e9cnicas e organizacionais adequadas para proteger as tuas informa\u00e7\u00f5es pessoais contra acesso n\u00e3o autorizado, perda ou utiliza\u00e7\u00e3o indevida. No entanto, nenhuma plataforma online pode garantir seguran\u00e7a absoluta. <br\/><br\/><\/p>\n\n<h3 class=\"wp-block-heading\"><strong>Os teus direitos<\/strong><\/h3>\n\n<p>Ao abrigo da legisla\u00e7\u00e3o de prote\u00e7\u00e3o de dados do Reino Unido, tens os seguintes direitos:<\/p>\n\n<ol start=\"1\" class=\"wp-block-list\">\n<li><strong>Acesso:<\/strong> Podes pedir uma c\u00f3pia das informa\u00e7\u00f5es pessoais que temos sobre ti.<\/li>\n\n\n\n<li><strong>Corre\u00e7\u00e3o:<\/strong> Podes pedir-nos para corrigir quaisquer imprecis\u00f5es.<\/li>\n\n\n\n<li><strong>Apagamento:<\/strong> Podes solicitar a elimina\u00e7\u00e3o dos teus dados pessoais (sujeito a obriga\u00e7\u00f5es legais ou contratuais).<\/li>\n\n\n\n<li><strong>Restri\u00e7\u00e3o:<\/strong> Podes pedir-nos para limitar o tratamento dos teus dados em determinadas circunst\u00e2ncias.<\/li>\n\n\n\n<li><strong>Portabilidade dos dados:<\/strong> Podes solicitar os teus dados num formato estruturado e de uso corrente.<\/li>\n\n\n\n<li><strong>Retirada do consentimento:<\/strong> Podes retirar o teu consentimento para comunica\u00e7\u00f5es de marketing em qualquer altura.<\/li>\n<\/ol>\n\n<p>Para exercer estes direitos, contacta-nos atrav\u00e9s do endere\u00e7o bookings@v1-retreats.com.<\/p>\n\n<h3 class=\"wp-block-heading\"><br\/><br\/><strong>Conserva\u00e7\u00e3o de dados<\/strong><\/h3>\n\n<p>Conservamos as tuas informa\u00e7\u00f5es pessoais apenas durante o tempo necess\u00e1rio para cumprir os objectivos descritos na presente Pol\u00edtica de Privacidade, cumprir as obriga\u00e7\u00f5es legais e resolver lit\u00edgios.<br\/><br\/><\/p>\n\n<h3 class=\"wp-block-heading\"><strong>Liga\u00e7\u00f5es de terceiros<\/strong><\/h3>\n\n<p>O nosso s\u00edtio Web pode conter liga\u00e7\u00f5es a s\u00edtios Web de terceiros. N\u00e3o somos respons\u00e1veis pelas pr\u00e1ticas de privacidade ou pelo conte\u00fado desses s\u00edtios Web. Recomendamos que revejas as suas pol\u00edticas de privacidade.  <br\/><br\/><\/p>\n\n<h3 class=\"wp-block-heading\"><strong>Privacidade das crian\u00e7as<\/strong><\/h3>\n\n<p>Os nossos servi\u00e7os n\u00e3o se destinam a pessoas com menos de 18 anos de idade. N\u00e3o recolhemos intencionalmente informa\u00e7\u00f5es pessoais de crian\u00e7as. <br\/><br\/><\/p>\n\n<h3 class=\"wp-block-heading\"><strong>Altera\u00e7\u00f5es a esta pol\u00edtica de privacidade<\/strong><\/h3>\n\n<p>Poderemos atualizar esta Pol\u00edtica de Privacidade ocasionalmente. Quaisquer altera\u00e7\u00f5es ser\u00e3o publicadas no nosso s\u00edtio Web com a data de entrada em vigor actualizada. Aconselhamos-te a rever esta pol\u00edtica periodicamente.  <br\/><br\/><\/p>\n\n<h3 class=\"wp-block-heading\"><strong>Contacta-nos<\/strong><\/h3>\n\n<p>Se tiveres alguma quest\u00e3o ou d\u00favida sobre esta Pol\u00edtica de Privacidade ou sobre a forma como tratamos as tuas informa\u00e7\u00f5es pessoais, contacta-nos atrav\u00e9s do endere\u00e7o bookings@v1-retreats.com.<\/p>\n","protected":false},"excerpt":{"rendered":"<p>Introdu\u00e7\u00e3o A V1 Retreats (&#8220;n\u00f3s&#8221;, &#8220;nosso&#8221;, &#8220;nos&#8221;) est\u00e1 empenhada em proteger e respeitar a tua privacidade. Esta Pol\u00edtica de Privacidade descreve como recolhemos, utilizamos e salvaguardamos a tua informa\u00e7\u00e3o pessoal quando utilizas os nossos servi\u00e7os ou visitas o nosso website. Ao utilizares os nossos servi\u00e7os, concordas com os termos desta Pol\u00edtica de Privacidade. Quem somos&hellip; <a class=\"more-link\" href=\"https:\/\/v1-retreats.com\/pt-pt\/politica-de-privacidade\/\">Continue a ler <span class=\"screen-reader-text\">Pol\u00edtica de privacidade<\/span><\/a><\/p>\n","protected":false},"author":2,"featured_media":27916,"parent":0,"menu_order":0,"comment_status":"closed","ping_status":"closed","template":"","meta":{"_acf_changed":false,"footnotes":""},"class_list":["post-27934","page","type-page","status-publish","has-post-thumbnail","hentry","entry"],"acf":[],"yoast_head":"<!-- This site is optimized with the Yoast SEO plugin v24.2 - https:\/\/yoast.com\/wordpress\/plugins\/seo\/ -->\n<title>Pol\u00edtica de privacidade - V1 Retreats<\/title>\n<meta name=\"robots\" content=\"noindex, nofollow\" \/>\n<meta property=\"og:locale\" content=\"pt_PT\" \/>\n<meta property=\"og:type\" content=\"article\" \/>\n<meta property=\"og:title\" content=\"Pol\u00edtica de privacidade - V1 Retreats\" \/>\n<meta property=\"og:description\" content=\"Introdu\u00e7\u00e3o A V1 Retreats (&#8220;n\u00f3s&#8221;, &#8220;nosso&#8221;, &#8220;nos&#8221;) est\u00e1 empenhada em proteger e respeitar a tua privacidade. Esta Pol\u00edtica de Privacidade descreve como recolhemos, utilizamos e salvaguardamos a tua informa\u00e7\u00e3o pessoal quando utilizas os nossos servi\u00e7os ou visitas o nosso website. Ao utilizares os nossos servi\u00e7os, concordas com os termos desta Pol\u00edtica de Privacidade. Quem somos&hellip; Continue a ler Pol\u00edtica de privacidade\" \/>\n<meta property=\"og:url\" content=\"https:\/\/v1-retreats.com\/pt-pt\/politica-de-privacidade\/\" \/>\n<meta property=\"og:site_name\" content=\"V1 Retreats\" \/>\n<meta property=\"article:modified_time\" content=\"2025-02-09T01:14:22+00:00\" \/>\n<meta property=\"og:image\" content=\"https:\/\/i0.wp.com\/v1-retreats.com\/wp-content\/uploads\/2025\/01\/V1-Access-Header.jpg?fit=2500%2C1667&ssl=1\" \/>\n\t<meta property=\"og:image:width\" content=\"2500\" \/>\n\t<meta property=\"og:image:height\" content=\"1667\" \/>\n\t<meta property=\"og:image:type\" content=\"image\/jpeg\" \/>\n<meta name=\"twitter:card\" content=\"summary_large_image\" \/>\n<meta name=\"twitter:label1\" content=\"Tempo estimado de leitura\" \/>\n\t<meta name=\"twitter:data1\" content=\"4 minutos\" \/>\n<script type=\"application\/ld+json\" class=\"yoast-schema-graph\">{\"@context\":\"https:\/\/schema.org\",\"@graph\":[{\"@type\":\"WebPage\",\"@id\":\"https:\/\/v1-retreats.com\/pt-pt\/politica-de-privacidade\/\",\"url\":\"https:\/\/v1-retreats.com\/pt-pt\/politica-de-privacidade\/\",\"name\":\"Pol\u00edtica de privacidade - V1 Retreats\",\"isPartOf\":{\"@id\":\"https:\/\/v1-retreats.com\/pt-pt\/#website\"},\"primaryImageOfPage\":{\"@id\":\"https:\/\/v1-retreats.com\/pt-pt\/politica-de-privacidade\/#primaryimage\"},\"image\":{\"@id\":\"https:\/\/v1-retreats.com\/pt-pt\/politica-de-privacidade\/#primaryimage\"},\"thumbnailUrl\":\"https:\/\/i0.wp.com\/v1-retreats.com\/wp-content\/uploads\/2025\/01\/V1-Access-Header.jpg?fit=2500%2C1667&ssl=1\",\"datePublished\":\"2025-01-08T08:50:41+00:00\",\"dateModified\":\"2025-02-09T01:14:22+00:00\",\"breadcrumb\":{\"@id\":\"https:\/\/v1-retreats.com\/pt-pt\/politica-de-privacidade\/#breadcrumb\"},\"inLanguage\":\"pt-PT\",\"potentialAction\":[{\"@type\":\"ReadAction\",\"target\":[\"https:\/\/v1-retreats.com\/pt-pt\/politica-de-privacidade\/\"]}]},{\"@type\":\"ImageObject\",\"inLanguage\":\"pt-PT\",\"@id\":\"https:\/\/v1-retreats.com\/pt-pt\/politica-de-privacidade\/#primaryimage\",\"url\":\"https:\/\/i0.wp.com\/v1-retreats.com\/wp-content\/uploads\/2025\/01\/V1-Access-Header.jpg?fit=2500%2C1667&ssl=1\",\"contentUrl\":\"https:\/\/i0.wp.com\/v1-retreats.com\/wp-content\/uploads\/2025\/01\/V1-Access-Header.jpg?fit=2500%2C1667&ssl=1\",\"width\":2500,\"height\":1667},{\"@type\":\"BreadcrumbList\",\"@id\":\"https:\/\/v1-retreats.com\/pt-pt\/politica-de-privacidade\/#breadcrumb\",\"itemListElement\":[{\"@type\":\"ListItem\",\"position\":1,\"name\":\"Home\",\"item\":\"https:\/\/v1-retreats.com\/pt-pt\/casa\/\"},{\"@type\":\"ListItem\",\"position\":2,\"name\":\"Pol\u00edtica de privacidade\"}]},{\"@type\":\"WebSite\",\"@id\":\"https:\/\/v1-retreats.com\/pt-pt\/#website\",\"url\":\"https:\/\/v1-retreats.com\/pt-pt\/\",\"name\":\"V1 Retreats\",\"description\":\"Relax. Detox. Recover.\",\"publisher\":{\"@id\":\"https:\/\/v1-retreats.com\/pt-pt\/#organization\"},\"potentialAction\":[{\"@type\":\"SearchAction\",\"target\":{\"@type\":\"EntryPoint\",\"urlTemplate\":\"https:\/\/v1-retreats.com\/pt-pt\/?s={search_term_string}\"},\"query-input\":{\"@type\":\"PropertyValueSpecification\",\"valueRequired\":true,\"valueName\":\"search_term_string\"}}],\"inLanguage\":\"pt-PT\"},{\"@type\":\"Organization\",\"@id\":\"https:\/\/v1-retreats.com\/pt-pt\/#organization\",\"name\":\"V1 Retreats\",\"url\":\"https:\/\/v1-retreats.com\/pt-pt\/\",\"logo\":{\"@type\":\"ImageObject\",\"inLanguage\":\"pt-PT\",\"@id\":\"https:\/\/v1-retreats.com\/pt-pt\/#\/schema\/logo\/image\/\",\"url\":\"https:\/\/v1-retreats.com\/wp-content\/uploads\/2024\/04\/v1retreat-logo.svg\",\"contentUrl\":\"https:\/\/v1-retreats.com\/wp-content\/uploads\/2024\/04\/v1retreat-logo.svg\",\"width\":193,\"height\":23,\"caption\":\"V1 Retreats\"},\"image\":{\"@id\":\"https:\/\/v1-retreats.com\/pt-pt\/#\/schema\/logo\/image\/\"}}]}<\/script>\n<!-- \/ Yoast SEO plugin. -->","yoast_head_json":{"title":"Pol\u00edtica de privacidade - V1 Retreats","robots":{"index":"noindex","follow":"nofollow"},"og_locale":"pt_PT","og_type":"article","og_title":"Pol\u00edtica de privacidade - V1 Retreats","og_description":"Introdu\u00e7\u00e3o A V1 Retreats (&#8220;n\u00f3s&#8221;, &#8220;nosso&#8221;, &#8220;nos&#8221;) est\u00e1 empenhada em proteger e respeitar a tua privacidade. Esta Pol\u00edtica de Privacidade descreve como recolhemos, utilizamos e salvaguardamos a tua informa\u00e7\u00e3o pessoal quando utilizas os nossos servi\u00e7os ou visitas o nosso website. Ao utilizares os nossos servi\u00e7os, concordas com os termos desta Pol\u00edtica de Privacidade. Quem somos&hellip; Continue a ler Pol\u00edtica de privacidade","og_url":"https:\/\/v1-retreats.com\/pt-pt\/politica-de-privacidade\/","og_site_name":"V1 Retreats","article_modified_time":"2025-02-09T01:14:22+00:00","og_image":[{"width":2500,"height":1667,"url":"https:\/\/i0.wp.com\/v1-retreats.com\/wp-content\/uploads\/2025\/01\/V1-Access-Header.jpg?fit=2500%2C1667&ssl=1","type":"image\/jpeg"}],"twitter_card":"summary_large_image","twitter_misc":{"Tempo estimado de leitura":"4 minutos"},"schema":{"@context":"https:\/\/schema.org","@graph":[{"@type":"WebPage","@id":"https:\/\/v1-retreats.com\/pt-pt\/politica-de-privacidade\/","url":"https:\/\/v1-retreats.com\/pt-pt\/politica-de-privacidade\/","name":"Pol\u00edtica de privacidade - V1 Retreats","isPartOf":{"@id":"https:\/\/v1-retreats.com\/pt-pt\/#website"},"primaryImageOfPage":{"@id":"https:\/\/v1-retreats.com\/pt-pt\/politica-de-privacidade\/#primaryimage"},"image":{"@id":"https:\/\/v1-retreats.com\/pt-pt\/politica-de-privacidade\/#primaryimage"},"thumbnailUrl":"https:\/\/i0.wp.com\/v1-retreats.com\/wp-content\/uploads\/2025\/01\/V1-Access-Header.jpg?fit=2500%2C1667&ssl=1","datePublished":"2025-01-08T08:50:41+00:00","dateModified":"2025-02-09T01:14:22+00:00","breadcrumb":{"@id":"https:\/\/v1-retreats.com\/pt-pt\/politica-de-privacidade\/#breadcrumb"},"inLanguage":"pt-PT","potentialAction":[{"@type":"ReadAction","target":["https:\/\/v1-retreats.com\/pt-pt\/politica-de-privacidade\/"]}]},{"@type":"ImageObject","inLanguage":"pt-PT","@id":"https:\/\/v1-retreats.com\/pt-pt\/politica-de-privacidade\/#primaryimage","url":"https:\/\/i0.wp.com\/v1-retreats.com\/wp-content\/uploads\/2025\/01\/V1-Access-Header.jpg?fit=2500%2C1667&ssl=1","contentUrl":"https:\/\/i0.wp.com\/v1-retreats.com\/wp-content\/uploads\/2025\/01\/V1-Access-Header.jpg?fit=2500%2C1667&ssl=1","width":2500,"height":1667},{"@type":"BreadcrumbList","@id":"https:\/\/v1-retreats.com\/pt-pt\/politica-de-privacidade\/#breadcrumb","itemListElement":[{"@type":"ListItem","position":1,"name":"Home","item":"https:\/\/v1-retreats.com\/pt-pt\/casa\/"},{"@type":"ListItem","position":2,"name":"Pol\u00edtica de privacidade"}]},{"@type":"WebSite","@id":"https:\/\/v1-retreats.com\/pt-pt\/#website","url":"https:\/\/v1-retreats.com\/pt-pt\/","name":"V1 Retreats","description":"Relax. Detox. Recover.","publisher":{"@id":"https:\/\/v1-retreats.com\/pt-pt\/#organization"},"potentialAction":[{"@type":"SearchAction","target":{"@type":"EntryPoint","urlTemplate":"https:\/\/v1-retreats.com\/pt-pt\/?s={search_term_string}"},"query-input":{"@type":"PropertyValueSpecification","valueRequired":true,"valueName":"search_term_string"}}],"inLanguage":"pt-PT"},{"@type":"Organization","@id":"https:\/\/v1-retreats.com\/pt-pt\/#organization","name":"V1 Retreats","url":"https:\/\/v1-retreats.com\/pt-pt\/","logo":{"@type":"ImageObject","inLanguage":"pt-PT","@id":"https:\/\/v1-retreats.com\/pt-pt\/#\/schema\/logo\/image\/","url":"https:\/\/v1-retreats.com\/wp-content\/uploads\/2024\/04\/v1retreat-logo.svg","contentUrl":"https:\/\/v1-retreats.com\/wp-content\/uploads\/2024\/04\/v1retreat-logo.svg","width":193,"height":23,"caption":"V1 Retreats"},"image":{"@id":"https:\/\/v1-retreats.com\/pt-pt\/#\/schema\/logo\/image\/"}}]}},"_links":{"self":[{"href":"https:\/\/v1-retreats.com\/pt-pt\/wp-json\/wp\/v2\/pages\/27934","targetHints":{"allow":["GET"]}}],"collection":[{"href":"https:\/\/v1-retreats.com\/pt-pt\/wp-json\/wp\/v2\/pages"}],"about":[{"href":"https:\/\/v1-retreats.com\/pt-pt\/wp-json\/wp\/v2\/types\/page"}],"author":[{"embeddable":true,"href":"https:\/\/v1-retreats.com\/pt-pt\/wp-json\/wp\/v2\/users\/2"}],"replies":[{"embeddable":true,"href":"https:\/\/v1-retreats.com\/pt-pt\/wp-json\/wp\/v2\/comments?post=27934"}],"version-history":[{"count":2,"href":"https:\/\/v1-retreats.com\/pt-pt\/wp-json\/wp\/v2\/pages\/27934\/revisions"}],"predecessor-version":[{"id":31627,"href":"https:\/\/v1-retreats.com\/pt-pt\/wp-json\/wp\/v2\/pages\/27934\/revisions\/31627"}],"wp:featuredmedia":[{"embeddable":true,"href":"https:\/\/v1-retreats.com\/pt-pt\/wp-json\/wp\/v2\/media\/27916"}],"wp:attachment":[{"href":"https:\/\/v1-retreats.com\/pt-pt\/wp-json\/wp\/v2\/media?parent=27934"}],"curies":[{"name":"wp","href":"https:\/\/api.w.org\/{rel}","templated":true}]}}