{"id":27116,"date":"2024-04-25T08:49:12","date_gmt":"2024-04-25T08:49:12","guid":{"rendered":"https:\/\/v1-retreats.com\/a-propos-de-nous\/"},"modified":"2025-04-15T06:41:41","modified_gmt":"2025-04-15T06:41:41","slug":"a-propos-de-nous","status":"publish","type":"page","link":"https:\/\/v1-retreats.com\/fr\/a-propos-de-nous\/","title":{"rendered":"A propos de nous"},"content":{"rendered":"","protected":false},"excerpt":{"rendered":"","protected":false},"author":2,"featured_media":13113,"parent":0,"menu_order":0,"comment_status":"closed","ping_status":"closed","template":"templates\/about-us.php","meta":{"_acf_changed":false,"footnotes":""},"class_list":["post-27116","page","type-page","status-publish","has-post-thumbnail","hentry","entry"],"acf":[],"yoast_head":"<!-- This site is optimized with the Yoast SEO plugin v24.2 - https:\/\/yoast.com\/wordpress\/plugins\/seo\/ -->\n<title>A propos de nous - V1 Retreats<\/title>\n<meta name=\"description\" content=\"Chez V1 Retreats, nous red\u00e9finissons les vacances de luxe avec des villas priv\u00e9es exclusives et des services sur mesure, cr\u00e9ant des exp\u00e9riences inoubliables dans des destinations \u00e9poustouflantes.\" \/>\n<meta name=\"robots\" content=\"index, follow, max-snippet:-1, max-image-preview:large, max-video-preview:-1\" \/>\n<link rel=\"canonical\" href=\"https:\/\/v1-retreats.com\/fr\/a-propos-de-nous\/\" \/>\n<meta property=\"og:locale\" content=\"fr_FR\" \/>\n<meta property=\"og:type\" content=\"article\" \/>\n<meta property=\"og:title\" content=\"A propos de nous - V1 Retreats\" \/>\n<meta property=\"og:description\" content=\"Chez V1 Retreats, nous red\u00e9finissons les vacances de luxe avec des villas priv\u00e9es exclusives et des services sur mesure, cr\u00e9ant des exp\u00e9riences inoubliables dans des destinations \u00e9poustouflantes.\" \/>\n<meta property=\"og:url\" content=\"https:\/\/v1-retreats.com\/fr\/a-propos-de-nous\/\" \/>\n<meta property=\"og:site_name\" content=\"V1 Retreats\" \/>\n<meta property=\"article:modified_time\" content=\"2025-04-15T06:41:41+00:00\" \/>\n<meta property=\"og:image\" content=\"https:\/\/i0.wp.com\/v1-retreats.com\/wp-content\/uploads\/2024\/10\/About-V1-Retreats-Page-Photo.jpg?fit=2500%2C1668&ssl=1\" \/>\n\t<meta property=\"og:image:width\" content=\"2500\" \/>\n\t<meta property=\"og:image:height\" content=\"1668\" \/>\n\t<meta property=\"og:image:type\" content=\"image\/jpeg\" \/>\n<meta name=\"twitter:card\" content=\"summary_large_image\" \/>\n<script type=\"application\/ld+json\" class=\"yoast-schema-graph\">{\"@context\":\"https:\/\/schema.org\",\"@graph\":[{\"@type\":\"WebPage\",\"@id\":\"https:\/\/v1-retreats.com\/fr\/a-propos-de-nous\/\",\"url\":\"https:\/\/v1-retreats.com\/fr\/a-propos-de-nous\/\",\"name\":\"A propos de nous - V1 Retreats\",\"isPartOf\":{\"@id\":\"https:\/\/v1-retreats.com\/fr\/#website\"},\"primaryImageOfPage\":{\"@id\":\"https:\/\/v1-retreats.com\/fr\/a-propos-de-nous\/#primaryimage\"},\"image\":{\"@id\":\"https:\/\/v1-retreats.com\/fr\/a-propos-de-nous\/#primaryimage\"},\"thumbnailUrl\":\"https:\/\/i0.wp.com\/v1-retreats.com\/wp-content\/uploads\/2024\/10\/About-V1-Retreats-Page-Photo.jpg?fit=2500%2C1668&ssl=1\",\"datePublished\":\"2024-04-25T08:49:12+00:00\",\"dateModified\":\"2025-04-15T06:41:41+00:00\",\"description\":\"Chez V1 Retreats, nous red\u00e9finissons les vacances de luxe avec des villas priv\u00e9es exclusives et des services sur mesure, cr\u00e9ant des exp\u00e9riences inoubliables dans des destinations \u00e9poustouflantes.\",\"breadcrumb\":{\"@id\":\"https:\/\/v1-retreats.com\/fr\/a-propos-de-nous\/#breadcrumb\"},\"inLanguage\":\"fr-FR\",\"potentialAction\":[{\"@type\":\"ReadAction\",\"target\":[\"https:\/\/v1-retreats.com\/fr\/a-propos-de-nous\/\"]}]},{\"@type\":\"ImageObject\",\"inLanguage\":\"fr-FR\",\"@id\":\"https:\/\/v1-retreats.com\/fr\/a-propos-de-nous\/#primaryimage\",\"url\":\"https:\/\/i0.wp.com\/v1-retreats.com\/wp-content\/uploads\/2024\/10\/About-V1-Retreats-Page-Photo.jpg?fit=2500%2C1668&ssl=1\",\"contentUrl\":\"https:\/\/i0.wp.com\/v1-retreats.com\/wp-content\/uploads\/2024\/10\/About-V1-Retreats-Page-Photo.jpg?fit=2500%2C1668&ssl=1\",\"width\":2500,\"height\":1668,\"caption\":\"About V1 Retreats Page Photo\"},{\"@type\":\"BreadcrumbList\",\"@id\":\"https:\/\/v1-retreats.com\/fr\/a-propos-de-nous\/#breadcrumb\",\"itemListElement\":[{\"@type\":\"ListItem\",\"position\":1,\"name\":\"Home\",\"item\":\"https:\/\/v1-retreats.com\/fr\/accueil\/\"},{\"@type\":\"ListItem\",\"position\":2,\"name\":\"A propos de nous\"}]},{\"@type\":\"WebSite\",\"@id\":\"https:\/\/v1-retreats.com\/fr\/#website\",\"url\":\"https:\/\/v1-retreats.com\/fr\/\",\"name\":\"V1 Retreats\",\"description\":\"Relax. Detox. Recover.\",\"publisher\":{\"@id\":\"https:\/\/v1-retreats.com\/fr\/#organization\"},\"potentialAction\":[{\"@type\":\"SearchAction\",\"target\":{\"@type\":\"EntryPoint\",\"urlTemplate\":\"https:\/\/v1-retreats.com\/fr\/?s={search_term_string}\"},\"query-input\":{\"@type\":\"PropertyValueSpecification\",\"valueRequired\":true,\"valueName\":\"search_term_string\"}}],\"inLanguage\":\"fr-FR\"},{\"@type\":\"Organization\",\"@id\":\"https:\/\/v1-retreats.com\/fr\/#organization\",\"name\":\"V1 Retreats\",\"url\":\"https:\/\/v1-retreats.com\/fr\/\",\"logo\":{\"@type\":\"ImageObject\",\"inLanguage\":\"fr-FR\",\"@id\":\"https:\/\/v1-retreats.com\/fr\/#\/schema\/logo\/image\/\",\"url\":\"https:\/\/v1-retreats.com\/wp-content\/uploads\/2024\/04\/v1retreat-logo.svg\",\"contentUrl\":\"https:\/\/v1-retreats.com\/wp-content\/uploads\/2024\/04\/v1retreat-logo.svg\",\"width\":193,\"height\":23,\"caption\":\"V1 Retreats\"},\"image\":{\"@id\":\"https:\/\/v1-retreats.com\/fr\/#\/schema\/logo\/image\/\"}}]}<\/script>\n<!-- \/ Yoast SEO plugin. -->","yoast_head_json":{"title":"A propos de nous - V1 Retreats","description":"Chez V1 Retreats, nous red\u00e9finissons les vacances de luxe avec des villas priv\u00e9es exclusives et des services sur mesure, cr\u00e9ant des exp\u00e9riences inoubliables dans des destinations \u00e9poustouflantes.","robots":{"index":"index","follow":"follow","max-snippet":"max-snippet:-1","max-image-preview":"max-image-preview:large","max-video-preview":"max-video-preview:-1"},"canonical":"https:\/\/v1-retreats.com\/fr\/a-propos-de-nous\/","og_locale":"fr_FR","og_type":"article","og_title":"A propos de nous - V1 Retreats","og_description":"Chez V1 Retreats, nous red\u00e9finissons les vacances de luxe avec des villas priv\u00e9es exclusives et des services sur mesure, cr\u00e9ant des exp\u00e9riences inoubliables dans des destinations \u00e9poustouflantes.","og_url":"https:\/\/v1-retreats.com\/fr\/a-propos-de-nous\/","og_site_name":"V1 Retreats","article_modified_time":"2025-04-15T06:41:41+00:00","og_image":[{"width":2500,"height":1668,"url":"https:\/\/i0.wp.com\/v1-retreats.com\/wp-content\/uploads\/2024\/10\/About-V1-Retreats-Page-Photo.jpg?fit=2500%2C1668&ssl=1","type":"image\/jpeg"}],"twitter_card":"summary_large_image","schema":{"@context":"https:\/\/schema.org","@graph":[{"@type":"WebPage","@id":"https:\/\/v1-retreats.com\/fr\/a-propos-de-nous\/","url":"https:\/\/v1-retreats.com\/fr\/a-propos-de-nous\/","name":"A propos de nous - V1 Retreats","isPartOf":{"@id":"https:\/\/v1-retreats.com\/fr\/#website"},"primaryImageOfPage":{"@id":"https:\/\/v1-retreats.com\/fr\/a-propos-de-nous\/#primaryimage"},"image":{"@id":"https:\/\/v1-retreats.com\/fr\/a-propos-de-nous\/#primaryimage"},"thumbnailUrl":"https:\/\/i0.wp.com\/v1-retreats.com\/wp-content\/uploads\/2024\/10\/About-V1-Retreats-Page-Photo.jpg?fit=2500%2C1668&ssl=1","datePublished":"2024-04-25T08:49:12+00:00","dateModified":"2025-04-15T06:41:41+00:00","description":"Chez V1 Retreats, nous red\u00e9finissons les vacances de luxe avec des villas priv\u00e9es exclusives et des services sur mesure, cr\u00e9ant des exp\u00e9riences inoubliables dans des destinations \u00e9poustouflantes.","breadcrumb":{"@id":"https:\/\/v1-retreats.com\/fr\/a-propos-de-nous\/#breadcrumb"},"inLanguage":"fr-FR","potentialAction":[{"@type":"ReadAction","target":["https:\/\/v1-retreats.com\/fr\/a-propos-de-nous\/"]}]},{"@type":"ImageObject","inLanguage":"fr-FR","@id":"https:\/\/v1-retreats.com\/fr\/a-propos-de-nous\/#primaryimage","url":"https:\/\/i0.wp.com\/v1-retreats.com\/wp-content\/uploads\/2024\/10\/About-V1-Retreats-Page-Photo.jpg?fit=2500%2C1668&ssl=1","contentUrl":"https:\/\/i0.wp.com\/v1-retreats.com\/wp-content\/uploads\/2024\/10\/About-V1-Retreats-Page-Photo.jpg?fit=2500%2C1668&ssl=1","width":2500,"height":1668,"caption":"About V1 Retreats Page Photo"},{"@type":"BreadcrumbList","@id":"https:\/\/v1-retreats.com\/fr\/a-propos-de-nous\/#breadcrumb","itemListElement":[{"@type":"ListItem","position":1,"name":"Home","item":"https:\/\/v1-retreats.com\/fr\/accueil\/"},{"@type":"ListItem","position":2,"name":"A propos de nous"}]},{"@type":"WebSite","@id":"https:\/\/v1-retreats.com\/fr\/#website","url":"https:\/\/v1-retreats.com\/fr\/","name":"V1 Retreats","description":"Relax. Detox. Recover.","publisher":{"@id":"https:\/\/v1-retreats.com\/fr\/#organization"},"potentialAction":[{"@type":"SearchAction","target":{"@type":"EntryPoint","urlTemplate":"https:\/\/v1-retreats.com\/fr\/?s={search_term_string}"},"query-input":{"@type":"PropertyValueSpecification","valueRequired":true,"valueName":"search_term_string"}}],"inLanguage":"fr-FR"},{"@type":"Organization","@id":"https:\/\/v1-retreats.com\/fr\/#organization","name":"V1 Retreats","url":"https:\/\/v1-retreats.com\/fr\/","logo":{"@type":"ImageObject","inLanguage":"fr-FR","@id":"https:\/\/v1-retreats.com\/fr\/#\/schema\/logo\/image\/","url":"https:\/\/v1-retreats.com\/wp-content\/uploads\/2024\/04\/v1retreat-logo.svg","contentUrl":"https:\/\/v1-retreats.com\/wp-content\/uploads\/2024\/04\/v1retreat-logo.svg","width":193,"height":23,"caption":"V1 Retreats"},"image":{"@id":"https:\/\/v1-retreats.com\/fr\/#\/schema\/logo\/image\/"}}]}},"_links":{"self":[{"href":"https:\/\/v1-retreats.com\/fr\/wp-json\/wp\/v2\/pages\/27116","targetHints":{"allow":["GET"]}}],"collection":[{"href":"https:\/\/v1-retreats.com\/fr\/wp-json\/wp\/v2\/pages"}],"about":[{"href":"https:\/\/v1-retreats.com\/fr\/wp-json\/wp\/v2\/types\/page"}],"author":[{"embeddable":true,"href":"https:\/\/v1-retreats.com\/fr\/wp-json\/wp\/v2\/users\/2"}],"replies":[{"embeddable":true,"href":"https:\/\/v1-retreats.com\/fr\/wp-json\/wp\/v2\/comments?post=27116"}],"version-history":[{"count":1,"href":"https:\/\/v1-retreats.com\/fr\/wp-json\/wp\/v2\/pages\/27116\/revisions"}],"predecessor-version":[{"id":29489,"href":"https:\/\/v1-retreats.com\/fr\/wp-json\/wp\/v2\/pages\/27116\/revisions\/29489"}],"wp:featuredmedia":[{"embeddable":true,"href":"https:\/\/v1-retreats.com\/fr\/wp-json\/wp\/v2\/media\/13113"}],"wp:attachment":[{"href":"https:\/\/v1-retreats.com\/fr\/wp-json\/wp\/v2\/media?parent=27116"}],"curies":[{"name":"wp","href":"https:\/\/api.w.org\/{rel}","templated":true}]}}