{"id":27094,"date":"2024-04-22T12:37:40","date_gmt":"2024-04-22T12:37:40","guid":{"rendered":"https:\/\/v1-retreats.com\/contactez-nous\/"},"modified":"2025-04-15T07:03:42","modified_gmt":"2025-04-15T07:03:42","slug":"contactez-nous","status":"publish","type":"page","link":"https:\/\/v1-retreats.com\/fr\/contactez-nous\/","title":{"rendered":"Contactez nous"},"content":{"rendered":"\n<h2 class=\"wp-block-heading\">Prenez contact avec nous<\/h2>\n\n<p><\/p>\n\n<p>Que vous ayez des questions, des demandes sp\u00e9ciales ou que vous soyez pr\u00eat \u00e0 r\u00e9server, contactez-nous par courrier \u00e9lectronique \u00e0 l&rsquo;adresse<a href=\"mailto:stay@v1retreats.com\">stay@v1-retreats.com<\/a>.<\/p>\n\n<p>Ou utilisez le formulaire de r\u00e9servation ci-dessous.<br\/><br\/> <br\/><\/p>\n","protected":false},"excerpt":{"rendered":"<p>Prenez contact avec nous Que vous ayez des questions, des demandes sp\u00e9ciales ou que vous soyez pr\u00eat \u00e0 r\u00e9server, contactez-nous par courrier \u00e9lectronique \u00e0 l&rsquo;adressestay@v1-retreats.com. Ou utilisez le formulaire de r\u00e9servation ci-dessous.<\/p>\n","protected":false},"author":2,"featured_media":13248,"parent":0,"menu_order":0,"comment_status":"closed","ping_status":"closed","template":"templates\/contact-us.php","meta":{"_acf_changed":false,"footnotes":""},"class_list":["post-27094","page","type-page","status-publish","has-post-thumbnail","hentry","entry"],"acf":[],"yoast_head":"<!-- This site is optimized with the Yoast SEO plugin v24.2 - https:\/\/yoast.com\/wordpress\/plugins\/seo\/ -->\n<title>Contactez nous - V1 Retreats<\/title>\n<meta name=\"robots\" content=\"index, follow, max-snippet:-1, max-image-preview:large, max-video-preview:-1\" \/>\n<link rel=\"canonical\" href=\"https:\/\/v1-retreats.com\/fr\/contactez-nous\/\" \/>\n<meta property=\"og:locale\" content=\"fr_FR\" \/>\n<meta property=\"og:type\" content=\"article\" \/>\n<meta property=\"og:title\" content=\"Contactez nous - V1 Retreats\" \/>\n<meta property=\"og:description\" content=\"Prenez contact avec nous Que vous ayez des questions, des demandes sp\u00e9ciales ou que vous soyez pr\u00eat \u00e0 r\u00e9server, contactez-nous par courrier \u00e9lectronique \u00e0 l&rsquo;adressestay@v1-retreats.com. Ou utilisez le formulaire de r\u00e9servation ci-dessous.\" \/>\n<meta property=\"og:url\" content=\"https:\/\/v1-retreats.com\/fr\/contactez-nous\/\" \/>\n<meta property=\"og:site_name\" content=\"V1 Retreats\" \/>\n<meta property=\"article:modified_time\" content=\"2025-04-15T07:03:42+00:00\" \/>\n<meta property=\"og:image\" content=\"https:\/\/v1-retreats.com\/wp-content\/uploads\/2024\/10\/V1-Pool-Towel.jpg\" \/>\n\t<meta property=\"og:image:width\" content=\"2500\" \/>\n\t<meta property=\"og:image:height\" content=\"1875\" \/>\n\t<meta property=\"og:image:type\" content=\"image\/jpeg\" \/>\n<meta name=\"twitter:card\" content=\"summary_large_image\" \/>\n<script type=\"application\/ld+json\" class=\"yoast-schema-graph\">{\"@context\":\"https:\/\/schema.org\",\"@graph\":[{\"@type\":\"WebPage\",\"@id\":\"https:\/\/v1-retreats.com\/fr\/contactez-nous\/\",\"url\":\"https:\/\/v1-retreats.com\/fr\/contactez-nous\/\",\"name\":\"Contactez nous - V1 Retreats\",\"isPartOf\":{\"@id\":\"https:\/\/v1-retreats.com\/fr\/#website\"},\"primaryImageOfPage\":{\"@id\":\"https:\/\/v1-retreats.com\/fr\/contactez-nous\/#primaryimage\"},\"image\":{\"@id\":\"https:\/\/v1-retreats.com\/fr\/contactez-nous\/#primaryimage\"},\"thumbnailUrl\":\"https:\/\/i0.wp.com\/v1-retreats.com\/wp-content\/uploads\/2024\/10\/V1-Pool-Towel.jpg?fit=2500%2C1875&ssl=1\",\"datePublished\":\"2024-04-22T12:37:40+00:00\",\"dateModified\":\"2025-04-15T07:03:42+00:00\",\"breadcrumb\":{\"@id\":\"https:\/\/v1-retreats.com\/fr\/contactez-nous\/#breadcrumb\"},\"inLanguage\":\"fr-FR\",\"potentialAction\":[{\"@type\":\"ReadAction\",\"target\":[\"https:\/\/v1-retreats.com\/fr\/contactez-nous\/\"]}]},{\"@type\":\"ImageObject\",\"inLanguage\":\"fr-FR\",\"@id\":\"https:\/\/v1-retreats.com\/fr\/contactez-nous\/#primaryimage\",\"url\":\"https:\/\/i0.wp.com\/v1-retreats.com\/wp-content\/uploads\/2024\/10\/V1-Pool-Towel.jpg?fit=2500%2C1875&ssl=1\",\"contentUrl\":\"https:\/\/i0.wp.com\/v1-retreats.com\/wp-content\/uploads\/2024\/10\/V1-Pool-Towel.jpg?fit=2500%2C1875&ssl=1\",\"width\":2500,\"height\":1875,\"caption\":\"V1 Pool Towel\"},{\"@type\":\"BreadcrumbList\",\"@id\":\"https:\/\/v1-retreats.com\/fr\/contactez-nous\/#breadcrumb\",\"itemListElement\":[{\"@type\":\"ListItem\",\"position\":1,\"name\":\"Home\",\"item\":\"https:\/\/v1-retreats.com\/fr\/accueil\/\"},{\"@type\":\"ListItem\",\"position\":2,\"name\":\"Contactez nous\"}]},{\"@type\":\"WebSite\",\"@id\":\"https:\/\/v1-retreats.com\/fr\/#website\",\"url\":\"https:\/\/v1-retreats.com\/fr\/\",\"name\":\"V1 Retreats\",\"description\":\"Relax. Detox. Recover.\",\"publisher\":{\"@id\":\"https:\/\/v1-retreats.com\/fr\/#organization\"},\"potentialAction\":[{\"@type\":\"SearchAction\",\"target\":{\"@type\":\"EntryPoint\",\"urlTemplate\":\"https:\/\/v1-retreats.com\/fr\/?s={search_term_string}\"},\"query-input\":{\"@type\":\"PropertyValueSpecification\",\"valueRequired\":true,\"valueName\":\"search_term_string\"}}],\"inLanguage\":\"fr-FR\"},{\"@type\":\"Organization\",\"@id\":\"https:\/\/v1-retreats.com\/fr\/#organization\",\"name\":\"V1 Retreats\",\"url\":\"https:\/\/v1-retreats.com\/fr\/\",\"logo\":{\"@type\":\"ImageObject\",\"inLanguage\":\"fr-FR\",\"@id\":\"https:\/\/v1-retreats.com\/fr\/#\/schema\/logo\/image\/\",\"url\":\"https:\/\/v1-retreats.com\/wp-content\/uploads\/2024\/04\/v1retreat-logo.svg\",\"contentUrl\":\"https:\/\/v1-retreats.com\/wp-content\/uploads\/2024\/04\/v1retreat-logo.svg\",\"width\":193,\"height\":23,\"caption\":\"V1 Retreats\"},\"image\":{\"@id\":\"https:\/\/v1-retreats.com\/fr\/#\/schema\/logo\/image\/\"}}]}<\/script>\n<!-- \/ Yoast SEO plugin. -->","yoast_head_json":{"title":"Contactez nous - V1 Retreats","robots":{"index":"index","follow":"follow","max-snippet":"max-snippet:-1","max-image-preview":"max-image-preview:large","max-video-preview":"max-video-preview:-1"},"canonical":"https:\/\/v1-retreats.com\/fr\/contactez-nous\/","og_locale":"fr_FR","og_type":"article","og_title":"Contactez nous - V1 Retreats","og_description":"Prenez contact avec nous Que vous ayez des questions, des demandes sp\u00e9ciales ou que vous soyez pr\u00eat \u00e0 r\u00e9server, contactez-nous par courrier \u00e9lectronique \u00e0 l&rsquo;adressestay@v1-retreats.com. Ou utilisez le formulaire de r\u00e9servation ci-dessous.","og_url":"https:\/\/v1-retreats.com\/fr\/contactez-nous\/","og_site_name":"V1 Retreats","article_modified_time":"2025-04-15T07:03:42+00:00","og_image":[{"width":2500,"height":1875,"url":"https:\/\/v1-retreats.com\/wp-content\/uploads\/2024\/10\/V1-Pool-Towel.jpg","type":"image\/jpeg"}],"twitter_card":"summary_large_image","schema":{"@context":"https:\/\/schema.org","@graph":[{"@type":"WebPage","@id":"https:\/\/v1-retreats.com\/fr\/contactez-nous\/","url":"https:\/\/v1-retreats.com\/fr\/contactez-nous\/","name":"Contactez nous - V1 Retreats","isPartOf":{"@id":"https:\/\/v1-retreats.com\/fr\/#website"},"primaryImageOfPage":{"@id":"https:\/\/v1-retreats.com\/fr\/contactez-nous\/#primaryimage"},"image":{"@id":"https:\/\/v1-retreats.com\/fr\/contactez-nous\/#primaryimage"},"thumbnailUrl":"https:\/\/i0.wp.com\/v1-retreats.com\/wp-content\/uploads\/2024\/10\/V1-Pool-Towel.jpg?fit=2500%2C1875&ssl=1","datePublished":"2024-04-22T12:37:40+00:00","dateModified":"2025-04-15T07:03:42+00:00","breadcrumb":{"@id":"https:\/\/v1-retreats.com\/fr\/contactez-nous\/#breadcrumb"},"inLanguage":"fr-FR","potentialAction":[{"@type":"ReadAction","target":["https:\/\/v1-retreats.com\/fr\/contactez-nous\/"]}]},{"@type":"ImageObject","inLanguage":"fr-FR","@id":"https:\/\/v1-retreats.com\/fr\/contactez-nous\/#primaryimage","url":"https:\/\/i0.wp.com\/v1-retreats.com\/wp-content\/uploads\/2024\/10\/V1-Pool-Towel.jpg?fit=2500%2C1875&ssl=1","contentUrl":"https:\/\/i0.wp.com\/v1-retreats.com\/wp-content\/uploads\/2024\/10\/V1-Pool-Towel.jpg?fit=2500%2C1875&ssl=1","width":2500,"height":1875,"caption":"V1 Pool Towel"},{"@type":"BreadcrumbList","@id":"https:\/\/v1-retreats.com\/fr\/contactez-nous\/#breadcrumb","itemListElement":[{"@type":"ListItem","position":1,"name":"Home","item":"https:\/\/v1-retreats.com\/fr\/accueil\/"},{"@type":"ListItem","position":2,"name":"Contactez nous"}]},{"@type":"WebSite","@id":"https:\/\/v1-retreats.com\/fr\/#website","url":"https:\/\/v1-retreats.com\/fr\/","name":"V1 Retreats","description":"Relax. Detox. Recover.","publisher":{"@id":"https:\/\/v1-retreats.com\/fr\/#organization"},"potentialAction":[{"@type":"SearchAction","target":{"@type":"EntryPoint","urlTemplate":"https:\/\/v1-retreats.com\/fr\/?s={search_term_string}"},"query-input":{"@type":"PropertyValueSpecification","valueRequired":true,"valueName":"search_term_string"}}],"inLanguage":"fr-FR"},{"@type":"Organization","@id":"https:\/\/v1-retreats.com\/fr\/#organization","name":"V1 Retreats","url":"https:\/\/v1-retreats.com\/fr\/","logo":{"@type":"ImageObject","inLanguage":"fr-FR","@id":"https:\/\/v1-retreats.com\/fr\/#\/schema\/logo\/image\/","url":"https:\/\/v1-retreats.com\/wp-content\/uploads\/2024\/04\/v1retreat-logo.svg","contentUrl":"https:\/\/v1-retreats.com\/wp-content\/uploads\/2024\/04\/v1retreat-logo.svg","width":193,"height":23,"caption":"V1 Retreats"},"image":{"@id":"https:\/\/v1-retreats.com\/fr\/#\/schema\/logo\/image\/"}}]}},"_links":{"self":[{"href":"https:\/\/v1-retreats.com\/fr\/wp-json\/wp\/v2\/pages\/27094","targetHints":{"allow":["GET"]}}],"collection":[{"href":"https:\/\/v1-retreats.com\/fr\/wp-json\/wp\/v2\/pages"}],"about":[{"href":"https:\/\/v1-retreats.com\/fr\/wp-json\/wp\/v2\/types\/page"}],"author":[{"embeddable":true,"href":"https:\/\/v1-retreats.com\/fr\/wp-json\/wp\/v2\/users\/2"}],"replies":[{"embeddable":true,"href":"https:\/\/v1-retreats.com\/fr\/wp-json\/wp\/v2\/comments?post=27094"}],"version-history":[{"count":2,"href":"https:\/\/v1-retreats.com\/fr\/wp-json\/wp\/v2\/pages\/27094\/revisions"}],"predecessor-version":[{"id":34015,"href":"https:\/\/v1-retreats.com\/fr\/wp-json\/wp\/v2\/pages\/27094\/revisions\/34015"}],"wp:featuredmedia":[{"embeddable":true,"href":"https:\/\/v1-retreats.com\/fr\/wp-json\/wp\/v2\/media\/13248"}],"wp:attachment":[{"href":"https:\/\/v1-retreats.com\/fr\/wp-json\/wp\/v2\/media?parent=27094"}],"curies":[{"name":"wp","href":"https:\/\/api.w.org\/{rel}","templated":true}]}}