{"id":27948,"date":"2025-01-08T08:54:48","date_gmt":"2025-01-08T08:54:48","guid":{"rendered":"https:\/\/v1-retreats.com\/terminos-y-condiciones\/"},"modified":"2025-02-09T01:06:57","modified_gmt":"2025-02-09T01:06:57","slug":"terminos-y-condiciones","status":"publish","type":"page","link":"https:\/\/v1-retreats.com\/es\/terminos-y-condiciones\/","title":{"rendered":"T\u00e9rminos y condiciones"},"content":{"rendered":"\n<h2 class=\"wp-block-heading\"><strong>Introducci\u00f3n<\/strong><\/h2>\n\n<p>Estas Condiciones (\u00abCondiciones\u00bb) rigen tu uso de los servicios y el sitio web de V1 Retreats. Al hacer una reserva o acceder a nuestro sitio, aceptas cumplir estas Condiciones. Si no est\u00e1s de acuerdo, abstente de utilizar nuestros servicios.  <br\/><br\/><\/p>\n\n<h3 class=\"wp-block-heading\"><strong>1. Definiciones<\/strong><\/h3>\n\n<ul class=\"wp-block-list\">\n<li>\u00abNosotros\u00bb, \u00abnuestro\u00bb y \u00abnos\u00bb se refieren a V1 Retreats.<\/li>\n\n\n\n<li>\u00abT\u00fa\u00bb y \u00abtu\u00bb se refieren al cliente o usuario del sitio web.<\/li>\n\n\n\n<li>\u00abPropiedad\u00bb se refiere al chalet o alojamiento que alquilas a trav\u00e9s de nosotros.<\/li>\n<\/ul>\n\n<h3 class=\"wp-block-heading\"><br\/><strong>2. Papel como agente<\/strong><\/h3>\n\n<ul class=\"wp-block-list\">\n<li><strong>2.1<\/strong> Actuamos como agente entre t\u00fa (el \u00abCliente\u00bb) y el propietario o la empresa gestora de la casa rural (el \u00abPropietario\u00bb). Tu contrato es directamente con el Propietario, y nosotros facilitamos el proceso de reserva en su nombre. <\/li>\n<\/ul>\n\n<h3 class=\"wp-block-heading\"><br\/><strong>3. Reserva y pago<\/strong><\/h3>\n\n<ul class=\"wp-block-list\">\n<li><strong>3.1<\/strong> La reserva queda confirmada una vez recibido el dep\u00f3sito especificado en el momento de la reserva.<\/li>\n\n\n\n<li><strong>3.2<\/strong> El pago completo debe recibirse dentro del plazo especificado en la confirmaci\u00f3n de la reserva. La falta de pago puede dar lugar a la cancelaci\u00f3n. <\/li>\n\n\n\n<li><strong>3.3<\/strong> Los precios indicados en nuestro sitio web son meramente indicativos. El precio final se confirmar\u00e1 tras una consulta y nuestra oferta formal para ti. <\/li>\n\n\n\n<li><strong>3.4<\/strong> Cualquier cargo adicional (por ejemplo, dep\u00f3sitos de seguridad, gastos de limpieza) se indicar\u00e1 antes de la confirmaci\u00f3n.<\/li>\n<\/ul>\n\n<h3 class=\"wp-block-heading\"><br\/><strong>4. Cancelaci\u00f3n y modificaciones<\/strong><\/h3>\n\n<ul class=\"wp-block-list\">\n<li><strong>4.1<\/strong> Las cancelaciones deben hacerse por escrito. Los reembolsos est\u00e1n sujetos a la pol\u00edtica de cancelaci\u00f3n del Propietario. <\/li>\n\n\n\n<li><strong>4.2<\/strong> Las modificaciones de las reservas est\u00e1n sujetas a disponibilidad y pueden conllevar cargos adicionales.<\/li>\n\n\n\n<li><strong>4.3<\/strong> Si la casa no est\u00e1 disponible debido a circunstancias imprevistas, buscaremos un alojamiento alternativo o te reembolsaremos el pago \u00edntegro.<\/li>\n<\/ul>\n\n<h3 class=\"wp-block-heading\"><br\/><strong>5. Fianza<\/strong><\/h3>\n\n<ul class=\"wp-block-list\">\n<li><strong>5.1<\/strong> Puede exigirse un dep\u00f3sito de seguridad reembolsable para cubrir da\u00f1os o costes adicionales.<\/li>\n\n\n\n<li><strong>5.2<\/strong> La fianza se reembolsar\u00e1 tras la inspecci\u00f3n satisfactoria de la casa despu\u00e9s de la salida, menos las deducciones aplicables.<\/li>\n<\/ul>\n\n<h3 class=\"wp-block-heading\"><br\/><strong>6. Representaci\u00f3n de la propiedad y cambios<\/strong><\/h3>\n\n<ul class=\"wp-block-list\">\n<li><strong>6.1<\/strong> Todas las fotos y descripciones de nuestro sitio web se facilitan para ofrecer una representaci\u00f3n realista de la villa. Sin embargo, pueden existir peque\u00f1as diferencias debidas a reformas, deterioro o actualizaciones de la decoraci\u00f3n, y no garantizamos que todos los detalles coincidan exactamente con las im\u00e1genes facilitadas. <\/li>\n\n\n\n<li><strong>6.2<\/strong> No aceptamos ninguna responsabilidad por variaciones en el estado, el aspecto o las especificaciones exactas de la casa de campo.<\/li>\n\n\n\n<li><strong>6.3<\/strong> Las solicitudes de entrada anticipada o salida tard\u00eda pueden conllevar cargos adicionales y est\u00e1n sujetas a disponibilidad.<\/li>\n<\/ul>\n\n<h3 class=\"wp-block-heading\"><br\/><strong>7. Responsabilidades del cliente<\/strong><\/h3>\n\n<ul class=\"wp-block-list\">\n<li><strong>7.1<\/strong> El Cliente debe garantizar el uso adecuado de la villa y respetar los l\u00edmites m\u00e1ximos de ocupaci\u00f3n.<\/li>\n\n\n\n<li><strong>7.2<\/strong> El Cliente es responsable de cualquier da\u00f1o causado durante su estancia y debe informar de cualquier problema con prontitud.<\/li>\n\n\n\n<li><strong>7.3<\/strong> No se permiten actividades ilegales, ruidos excesivos ni molestias.<\/li>\n\n\n\n<li><strong>7.4<\/strong> El Cliente se compromete a no dirigirse directamente al Propietario para una nueva reserva o futuras reservas. Cualquier reserva futura debe realizarse a trav\u00e9s de nosotros, y la violaci\u00f3n de este t\u00e9rmino puede dar lugar a acciones legales. <\/li>\n<\/ul>\n\n<h3 class=\"wp-block-heading\"><br\/><strong>8. Responsabilidades del propietario<\/strong><\/h3>\n\n<ul class=\"wp-block-list\">\n<li><strong>8.1<\/strong> El Propietario debe proporcionar la villa en un estado limpio y habitable, tal y como se describe en el momento de la reserva.<\/li>\n\n\n\n<li><strong>8.2<\/strong> El Propietario es responsable de garantizar que las instalaciones y servicios esenciales funcionen correctamente.<\/li>\n\n\n\n<li><strong>8.3<\/strong> En caso de problemas importantes, el Propietario debe hacer esfuerzos razonables para resolverlos r\u00e1pidamente.<\/li>\n<\/ul>\n\n<h3 class=\"wp-block-heading\"><br\/><strong>9. Perturbaciones externas y obras de construcci\u00f3n<\/strong><\/h3>\n\n<ul class=\"wp-block-list\">\n<li><strong>9.1<\/strong> No nos hacemos responsables de las molestias causadas por obras de construcci\u00f3n, mantenimiento de carreteras u otras actividades que tengan lugar cerca de la villa.<\/li>\n\n\n\n<li><strong>9.2<\/strong> Aunque nos esforzamos por informar a los Clientes de cualquier obra de construcci\u00f3n conocida en la zona, esto no siempre es posible, y no se compensar\u00e1 ning\u00fan inconveniente causado por factores externos que escapen a nuestro control.<\/li>\n<\/ul>\n\n<h3 class=\"wp-block-heading\"><br\/><strong>10. Responsabilidad<\/strong><\/h3>\n\n<ul class=\"wp-block-list\">\n<li><strong>10.1<\/strong> No nos hacemos responsables de los litigios, lesiones, p\u00e9rdidas o da\u00f1os derivados de tu estancia en la villa.<\/li>\n\n\n\n<li><strong>10.2<\/strong> Cualquier asunto relacionado con el estado de la villa debe tratarse directamente con el Propietario.<\/li>\n\n\n\n<li><strong>10.3<\/strong> No aceptamos responsabilidad alguna por acontecimientos que escapen a nuestro control, incluidos desastres naturales, huelgas o restricciones gubernamentales.<\/li>\n<\/ul>\n\n<h3 class=\"wp-block-heading\"><br\/><strong>11. Seguro de viaje<\/strong><\/h3>\n\n<ul class=\"wp-block-list\">\n<li><strong>11.1<\/strong> Recomendamos encarecidamente a los Clientes que contraten un seguro de viaje para cubrir cancelaciones, gastos m\u00e9dicos y otras circunstancias imprevistas.<\/li>\n<\/ul>\n\n<h3 class=\"wp-block-heading\"><br\/><strong>12. Ley aplicable<\/strong><\/h3>\n\n<ul class=\"wp-block-list\">\n<li><strong>12.1<\/strong> Estos T\u00e9rminos y Condiciones se rigen por las leyes del Reino Unido. Cualquier disputa se resolver\u00e1 en los tribunales del Reino Unido. <\/li>\n<\/ul>\n\n<h3 class=\"wp-block-heading\"><br\/><strong>13. Informaci\u00f3n de contacto<\/strong><\/h3>\n\n<ul class=\"wp-block-list\">\n<li><strong>13.1<\/strong> Para cualquier pregunta o asistencia, ponte en contacto con nosotros en bookings@v1-retreats.com.<\/li>\n\n\n\n<li><strong>13.2<\/strong> Al hacer una reserva, confirmas que has le\u00eddo, entendido y aceptado estos T\u00e9rminos y Condiciones.  <\/li>\n<\/ul>\n","protected":false},"excerpt":{"rendered":"<p>Introducci\u00f3n Estas Condiciones (\u00abCondiciones\u00bb) rigen tu uso de los servicios y el sitio web de V1 Retreats. Al hacer una reserva o acceder a nuestro sitio, aceptas cumplir estas Condiciones. Si no est\u00e1s de acuerdo, abstente de utilizar nuestros servicios. 1. Definiciones 2. Papel como agente 3. Reserva y pago 4. Cancelaci\u00f3n y modificaciones 5.&hellip; <a class=\"more-link\" href=\"https:\/\/v1-retreats.com\/es\/terminos-y-condiciones\/\">Seguir leyendo <span class=\"screen-reader-text\">T\u00e9rminos y condiciones<\/span><\/a><\/p>\n","protected":false},"author":2,"featured_media":27917,"parent":0,"menu_order":0,"comment_status":"closed","ping_status":"closed","template":"","meta":{"_acf_changed":false,"footnotes":""},"class_list":["post-27948","page","type-page","status-publish","has-post-thumbnail","hentry","entry"],"acf":[],"yoast_head":"<!-- This site is optimized with the Yoast SEO plugin v24.2 - https:\/\/yoast.com\/wordpress\/plugins\/seo\/ -->\n<title>T\u00e9rminos y condiciones - V1 Retreats<\/title>\n<meta name=\"robots\" content=\"noindex, nofollow\" \/>\n<meta property=\"og:locale\" content=\"es_ES\" \/>\n<meta property=\"og:type\" content=\"article\" \/>\n<meta property=\"og:title\" content=\"T\u00e9rminos y condiciones - V1 Retreats\" \/>\n<meta property=\"og:description\" content=\"Introducci\u00f3n Estas Condiciones (\u00abCondiciones\u00bb) rigen tu uso de los servicios y el sitio web de V1 Retreats. Al hacer una reserva o acceder a nuestro sitio, aceptas cumplir estas Condiciones. Si no est\u00e1s de acuerdo, abstente de utilizar nuestros servicios. 1. Definiciones 2. Papel como agente 3. Reserva y pago 4. Cancelaci\u00f3n y modificaciones 5.&hellip; Seguir leyendo T\u00e9rminos y condiciones\" \/>\n<meta property=\"og:url\" content=\"https:\/\/v1-retreats.com\/es\/terminos-y-condiciones\/\" \/>\n<meta property=\"og:site_name\" content=\"V1 Retreats\" \/>\n<meta property=\"article:modified_time\" content=\"2025-02-09T01:06:57+00:00\" \/>\n<meta property=\"og:image\" content=\"https:\/\/i0.wp.com\/v1-retreats.com\/wp-content\/uploads\/2025\/01\/V1-Access-Header.jpg?fit=2500%2C1667&ssl=1\" \/>\n\t<meta property=\"og:image:width\" content=\"2500\" \/>\n\t<meta property=\"og:image:height\" content=\"1667\" \/>\n\t<meta property=\"og:image:type\" content=\"image\/jpeg\" \/>\n<meta name=\"twitter:card\" content=\"summary_large_image\" \/>\n<meta name=\"twitter:label1\" content=\"Tiempo de lectura\" \/>\n\t<meta name=\"twitter:data1\" content=\"4 minutos\" \/>\n<script type=\"application\/ld+json\" class=\"yoast-schema-graph\">{\"@context\":\"https:\/\/schema.org\",\"@graph\":[{\"@type\":\"WebPage\",\"@id\":\"https:\/\/v1-retreats.com\/es\/terminos-y-condiciones\/\",\"url\":\"https:\/\/v1-retreats.com\/es\/terminos-y-condiciones\/\",\"name\":\"T\u00e9rminos y condiciones - V1 Retreats\",\"isPartOf\":{\"@id\":\"https:\/\/v1-retreats.com\/es\/#website\"},\"primaryImageOfPage\":{\"@id\":\"https:\/\/v1-retreats.com\/es\/terminos-y-condiciones\/#primaryimage\"},\"image\":{\"@id\":\"https:\/\/v1-retreats.com\/es\/terminos-y-condiciones\/#primaryimage\"},\"thumbnailUrl\":\"https:\/\/i0.wp.com\/v1-retreats.com\/wp-content\/uploads\/2025\/01\/V1-Access-Header.jpg?fit=2500%2C1667&ssl=1\",\"datePublished\":\"2025-01-08T08:54:48+00:00\",\"dateModified\":\"2025-02-09T01:06:57+00:00\",\"breadcrumb\":{\"@id\":\"https:\/\/v1-retreats.com\/es\/terminos-y-condiciones\/#breadcrumb\"},\"inLanguage\":\"es\",\"potentialAction\":[{\"@type\":\"ReadAction\",\"target\":[\"https:\/\/v1-retreats.com\/es\/terminos-y-condiciones\/\"]}]},{\"@type\":\"ImageObject\",\"inLanguage\":\"es\",\"@id\":\"https:\/\/v1-retreats.com\/es\/terminos-y-condiciones\/#primaryimage\",\"url\":\"https:\/\/i0.wp.com\/v1-retreats.com\/wp-content\/uploads\/2025\/01\/V1-Access-Header.jpg?fit=2500%2C1667&ssl=1\",\"contentUrl\":\"https:\/\/i0.wp.com\/v1-retreats.com\/wp-content\/uploads\/2025\/01\/V1-Access-Header.jpg?fit=2500%2C1667&ssl=1\",\"width\":2500,\"height\":1667},{\"@type\":\"BreadcrumbList\",\"@id\":\"https:\/\/v1-retreats.com\/es\/terminos-y-condiciones\/#breadcrumb\",\"itemListElement\":[{\"@type\":\"ListItem\",\"position\":1,\"name\":\"Home\",\"item\":\"https:\/\/v1-retreats.com\/es\/inicio\/\"},{\"@type\":\"ListItem\",\"position\":2,\"name\":\"T\u00e9rminos y condiciones\"}]},{\"@type\":\"WebSite\",\"@id\":\"https:\/\/v1-retreats.com\/es\/#website\",\"url\":\"https:\/\/v1-retreats.com\/es\/\",\"name\":\"V1 Retreats\",\"description\":\"Relax. Detox. Recover.\",\"publisher\":{\"@id\":\"https:\/\/v1-retreats.com\/es\/#organization\"},\"potentialAction\":[{\"@type\":\"SearchAction\",\"target\":{\"@type\":\"EntryPoint\",\"urlTemplate\":\"https:\/\/v1-retreats.com\/es\/?s={search_term_string}\"},\"query-input\":{\"@type\":\"PropertyValueSpecification\",\"valueRequired\":true,\"valueName\":\"search_term_string\"}}],\"inLanguage\":\"es\"},{\"@type\":\"Organization\",\"@id\":\"https:\/\/v1-retreats.com\/es\/#organization\",\"name\":\"V1 Retreats\",\"url\":\"https:\/\/v1-retreats.com\/es\/\",\"logo\":{\"@type\":\"ImageObject\",\"inLanguage\":\"es\",\"@id\":\"https:\/\/v1-retreats.com\/es\/#\/schema\/logo\/image\/\",\"url\":\"https:\/\/v1-retreats.com\/wp-content\/uploads\/2024\/04\/v1retreat-logo.svg\",\"contentUrl\":\"https:\/\/v1-retreats.com\/wp-content\/uploads\/2024\/04\/v1retreat-logo.svg\",\"width\":193,\"height\":23,\"caption\":\"V1 Retreats\"},\"image\":{\"@id\":\"https:\/\/v1-retreats.com\/es\/#\/schema\/logo\/image\/\"}}]}<\/script>\n<!-- \/ Yoast SEO plugin. -->","yoast_head_json":{"title":"T\u00e9rminos y condiciones - V1 Retreats","robots":{"index":"noindex","follow":"nofollow"},"og_locale":"es_ES","og_type":"article","og_title":"T\u00e9rminos y condiciones - V1 Retreats","og_description":"Introducci\u00f3n Estas Condiciones (\u00abCondiciones\u00bb) rigen tu uso de los servicios y el sitio web de V1 Retreats. Al hacer una reserva o acceder a nuestro sitio, aceptas cumplir estas Condiciones. Si no est\u00e1s de acuerdo, abstente de utilizar nuestros servicios. 1. Definiciones 2. Papel como agente 3. Reserva y pago 4. Cancelaci\u00f3n y modificaciones 5.&hellip; Seguir leyendo T\u00e9rminos y condiciones","og_url":"https:\/\/v1-retreats.com\/es\/terminos-y-condiciones\/","og_site_name":"V1 Retreats","article_modified_time":"2025-02-09T01:06:57+00:00","og_image":[{"width":2500,"height":1667,"url":"https:\/\/i0.wp.com\/v1-retreats.com\/wp-content\/uploads\/2025\/01\/V1-Access-Header.jpg?fit=2500%2C1667&ssl=1","type":"image\/jpeg"}],"twitter_card":"summary_large_image","twitter_misc":{"Tiempo de lectura":"4 minutos"},"schema":{"@context":"https:\/\/schema.org","@graph":[{"@type":"WebPage","@id":"https:\/\/v1-retreats.com\/es\/terminos-y-condiciones\/","url":"https:\/\/v1-retreats.com\/es\/terminos-y-condiciones\/","name":"T\u00e9rminos y condiciones - V1 Retreats","isPartOf":{"@id":"https:\/\/v1-retreats.com\/es\/#website"},"primaryImageOfPage":{"@id":"https:\/\/v1-retreats.com\/es\/terminos-y-condiciones\/#primaryimage"},"image":{"@id":"https:\/\/v1-retreats.com\/es\/terminos-y-condiciones\/#primaryimage"},"thumbnailUrl":"https:\/\/i0.wp.com\/v1-retreats.com\/wp-content\/uploads\/2025\/01\/V1-Access-Header.jpg?fit=2500%2C1667&ssl=1","datePublished":"2025-01-08T08:54:48+00:00","dateModified":"2025-02-09T01:06:57+00:00","breadcrumb":{"@id":"https:\/\/v1-retreats.com\/es\/terminos-y-condiciones\/#breadcrumb"},"inLanguage":"es","potentialAction":[{"@type":"ReadAction","target":["https:\/\/v1-retreats.com\/es\/terminos-y-condiciones\/"]}]},{"@type":"ImageObject","inLanguage":"es","@id":"https:\/\/v1-retreats.com\/es\/terminos-y-condiciones\/#primaryimage","url":"https:\/\/i0.wp.com\/v1-retreats.com\/wp-content\/uploads\/2025\/01\/V1-Access-Header.jpg?fit=2500%2C1667&ssl=1","contentUrl":"https:\/\/i0.wp.com\/v1-retreats.com\/wp-content\/uploads\/2025\/01\/V1-Access-Header.jpg?fit=2500%2C1667&ssl=1","width":2500,"height":1667},{"@type":"BreadcrumbList","@id":"https:\/\/v1-retreats.com\/es\/terminos-y-condiciones\/#breadcrumb","itemListElement":[{"@type":"ListItem","position":1,"name":"Home","item":"https:\/\/v1-retreats.com\/es\/inicio\/"},{"@type":"ListItem","position":2,"name":"T\u00e9rminos y condiciones"}]},{"@type":"WebSite","@id":"https:\/\/v1-retreats.com\/es\/#website","url":"https:\/\/v1-retreats.com\/es\/","name":"V1 Retreats","description":"Relax. Detox. Recover.","publisher":{"@id":"https:\/\/v1-retreats.com\/es\/#organization"},"potentialAction":[{"@type":"SearchAction","target":{"@type":"EntryPoint","urlTemplate":"https:\/\/v1-retreats.com\/es\/?s={search_term_string}"},"query-input":{"@type":"PropertyValueSpecification","valueRequired":true,"valueName":"search_term_string"}}],"inLanguage":"es"},{"@type":"Organization","@id":"https:\/\/v1-retreats.com\/es\/#organization","name":"V1 Retreats","url":"https:\/\/v1-retreats.com\/es\/","logo":{"@type":"ImageObject","inLanguage":"es","@id":"https:\/\/v1-retreats.com\/es\/#\/schema\/logo\/image\/","url":"https:\/\/v1-retreats.com\/wp-content\/uploads\/2024\/04\/v1retreat-logo.svg","contentUrl":"https:\/\/v1-retreats.com\/wp-content\/uploads\/2024\/04\/v1retreat-logo.svg","width":193,"height":23,"caption":"V1 Retreats"},"image":{"@id":"https:\/\/v1-retreats.com\/es\/#\/schema\/logo\/image\/"}}]}},"_links":{"self":[{"href":"https:\/\/v1-retreats.com\/es\/wp-json\/wp\/v2\/pages\/27948","targetHints":{"allow":["GET"]}}],"collection":[{"href":"https:\/\/v1-retreats.com\/es\/wp-json\/wp\/v2\/pages"}],"about":[{"href":"https:\/\/v1-retreats.com\/es\/wp-json\/wp\/v2\/types\/page"}],"author":[{"embeddable":true,"href":"https:\/\/v1-retreats.com\/es\/wp-json\/wp\/v2\/users\/2"}],"replies":[{"embeddable":true,"href":"https:\/\/v1-retreats.com\/es\/wp-json\/wp\/v2\/comments?post=27948"}],"version-history":[{"count":10,"href":"https:\/\/v1-retreats.com\/es\/wp-json\/wp\/v2\/pages\/27948\/revisions"}],"predecessor-version":[{"id":31617,"href":"https:\/\/v1-retreats.com\/es\/wp-json\/wp\/v2\/pages\/27948\/revisions\/31617"}],"wp:featuredmedia":[{"embeddable":true,"href":"https:\/\/v1-retreats.com\/es\/wp-json\/wp\/v2\/media\/27917"}],"wp:attachment":[{"href":"https:\/\/v1-retreats.com\/es\/wp-json\/wp\/v2\/media?parent=27948"}],"curies":[{"name":"wp","href":"https:\/\/api.w.org\/{rel}","templated":true}]}}