{"id":27933,"date":"2025-01-08T08:50:41","date_gmt":"2025-01-08T08:50:41","guid":{"rendered":"https:\/\/v1-retreats.com\/politica-de-privacidad\/"},"modified":"2025-02-09T01:14:22","modified_gmt":"2025-02-09T01:14:22","slug":"politica-de-privacidad","status":"publish","type":"page","link":"https:\/\/v1-retreats.com\/es\/politica-de-privacidad\/","title":{"rendered":"Pol\u00edtica de privacidad"},"content":{"rendered":"\n<h2 class=\"wp-block-heading\"><strong>Introducci\u00f3n<\/strong><\/h2>\n\n<p>V1 Retreats (\u00abnosotros\u00bb, \u00abnuestro\u00bb, \u00abnos\u00bb) se compromete a proteger y respetar tu privacidad. Esta Pol\u00edtica de Privacidad describe c\u00f3mo recogemos, utilizamos y salvaguardamos tu informaci\u00f3n personal cuando utilizas nuestros servicios o visitas nuestro sitio web. Al utilizar nuestros servicios, aceptas los t\u00e9rminos de esta Pol\u00edtica de Privacidad.  <br\/><br\/><\/p>\n\n<h3 class=\"wp-block-heading\"><strong>Qui\u00e9nes somos<\/strong><\/h3>\n\n<p>V1 Retreats es una empresa de alquiler de villas de lujo con sede en el Reino Unido. Estamos especializados en ofrecer experiencias de alquiler de villas a medida y un servicio al cliente excepcional. <br\/><br\/><\/p>\n\n<h3 class=\"wp-block-heading\"><strong>Informaci\u00f3n que recogemos<\/strong><\/h3>\n\n<p>Podemos recoger los siguientes tipos de informaci\u00f3n:<\/p>\n\n<ol start=\"1\" class=\"wp-block-list\">\n<li><strong>Informaci\u00f3n personal que facilitas:<\/strong>\n<ul class=\"wp-block-list\">\n<li>Nombre, direcci\u00f3n de correo electr\u00f3nico, n\u00famero de tel\u00e9fono y direcci\u00f3n postal.<\/li>\n\n\n\n<li>Informaci\u00f3n de pago (por ejemplo, datos de la tarjeta de cr\u00e9dito\/d\u00e9bito).<\/li>\n\n\n\n<li>Detalles de la reserva (por ejemplo, fechas de viaje, preferencias).<\/li>\n\n\n\n<li>Preferencias de comunicaci\u00f3n.<\/li>\n<\/ul>\n<\/li>\n\n\n\n<li><strong>Informaci\u00f3n recopilada autom\u00e1ticamente:<\/strong>\n<ul class=\"wp-block-list\">\n<li>Direcci\u00f3n IP, tipo de navegador y sistema operativo.<\/li>\n\n\n\n<li>Informaci\u00f3n sobre tu visita, incluidas las p\u00e1ginas visitadas y el tiempo pasado en nuestro sitio.<\/li>\n\n\n\n<li>Cookies y tecnolog\u00edas de seguimiento similares (para m\u00e1s detalles, consulta nuestra Pol\u00edtica de Cookies).<\/li>\n<\/ul>\n<\/li>\n<\/ol>\n\n<h3 class=\"wp-block-heading\"><br\/><strong>C\u00f3mo utilizamos tu informaci\u00f3n<\/strong><\/h3>\n\n<p>Utilizamos tu informaci\u00f3n para los siguientes fines:<\/p>\n\n<ol start=\"1\" class=\"wp-block-list\">\n<li><strong>Prestaci\u00f3n de servicios:<\/strong>\n<ul class=\"wp-block-list\">\n<li>Para procesar y gestionar tus reservas.<\/li>\n\n\n\n<li>Para comunicarnos contigo en relaci\u00f3n con tus reservas y la atenci\u00f3n al cliente.<\/li>\n<\/ul>\n<\/li>\n\n\n\n<li><strong>Marketing y promociones:<\/strong>\n<ul class=\"wp-block-list\">\n<li>Para enviarte boletines, ofertas promocionales y actualizaciones (con tu consentimiento).<\/li>\n\n\n\n<li>Para personalizar tu experiencia y recomendarte propiedades o servicios que puedan interesarte.<\/li>\n<\/ul>\n<\/li>\n\n\n\n<li><strong>Mejorar nuestros servicios:<\/strong>\n<ul class=\"wp-block-list\">\n<li>Para analizar el uso del sitio web y mejorar su funcionalidad.<\/li>\n\n\n\n<li>Mejorar el servicio y la atenci\u00f3n al cliente.<\/li>\n<\/ul>\n<\/li>\n\n\n\n<li><strong>Legal y Cumplimiento:<\/strong>\n<ul class=\"wp-block-list\">\n<li>Para cumplir las obligaciones legales, como el mantenimiento de registros y la prevenci\u00f3n del fraude.<\/li>\n<\/ul>\n<\/li>\n<\/ol>\n\n<h3 class=\"wp-block-heading\"><br\/><strong>C\u00f3mo compartimos tu informaci\u00f3n<\/strong><\/h3>\n\n<p>No vendemos tu informaci\u00f3n personal. Sin embargo, podemos compartir tu informaci\u00f3n con las siguientes partes: <\/p>\n\n<ol start=\"1\" class=\"wp-block-list\">\n<li><strong>Proveedores de servicios:<\/strong>\n<ul class=\"wp-block-list\">\n<li>Terceros proveedores que ayudan con el procesamiento de pagos, marketing, alojamiento del sitio web y soporte inform\u00e1tico.<\/li>\n<\/ul>\n<\/li>\n\n\n\n<li><strong>Propietarios:<\/strong>\n<ul class=\"wp-block-list\">\n<li>Informaci\u00f3n limitada necesaria para gestionar el alquiler de tu chalet.<\/li>\n<\/ul>\n<\/li>\n\n\n\n<li><strong>Autoridades legales:<\/strong>\n<ul class=\"wp-block-list\">\n<li>Cuando lo exija la ley o para proteger nuestros derechos y propiedad.<\/li>\n<\/ul>\n<\/li>\n<\/ol>\n\n<h3 class=\"wp-block-heading\"><br\/><strong>Seguridad de los datos<\/strong><\/h3>\n\n<p>Aplicamos medidas t\u00e9cnicas y organizativas adecuadas para proteger tu informaci\u00f3n personal contra el acceso no autorizado, la p\u00e9rdida o el uso indebido. Sin embargo, ninguna plataforma en l\u00ednea puede garantizar una seguridad absoluta. <br\/><br\/><\/p>\n\n<h3 class=\"wp-block-heading\"><strong>Tus derechos<\/strong><\/h3>\n\n<p>Seg\u00fan las leyes de protecci\u00f3n de datos del Reino Unido, tienes los siguientes derechos:<\/p>\n\n<ol start=\"1\" class=\"wp-block-list\">\n<li><strong>Acceso:<\/strong> Puedes solicitar una copia de la informaci\u00f3n personal que tenemos sobre ti.<\/li>\n\n\n\n<li><strong>Correcci\u00f3n:<\/strong> Puedes pedirnos que corrijamos cualquier inexactitud.<\/li>\n\n\n\n<li><strong>Supresi\u00f3n:<\/strong> Puedes solicitar la supresi\u00f3n de tus datos personales (sujeto a obligaciones legales o contractuales).<\/li>\n\n\n\n<li><strong>Limitaci\u00f3n:<\/strong> Puedes pedirnos que limitemos el tratamiento de tus datos en determinadas circunstancias.<\/li>\n\n\n\n<li><strong>Portabilidad de datos:<\/strong> Puedes solicitar tus datos en un formato estructurado y de uso com\u00fan.<\/li>\n\n\n\n<li><strong>Retirada del consentimiento:<\/strong> Puedes retirar tu consentimiento para recibir comunicaciones de marketing en cualquier momento.<\/li>\n<\/ol>\n\n<p>Para ejercer estos derechos, ponte en contacto con nosotros en bookings@v1-retreats.com.<\/p>\n\n<h3 class=\"wp-block-heading\"><br\/><br\/><strong>Conservaci\u00f3n de datos<\/strong><\/h3>\n\n<p>Conservamos tu informaci\u00f3n personal s\u00f3lo durante el tiempo necesario para cumplir los fines descritos en esta Pol\u00edtica de Privacidad, cumplir con las obligaciones legales y resolver disputas.<br\/><br\/><\/p>\n\n<h3 class=\"wp-block-heading\"><strong>Enlaces de terceros<\/strong><\/h3>\n\n<p>Nuestro sitio web puede contener enlaces a sitios web de terceros. No somos responsables de las pr\u00e1cticas de privacidad ni del contenido de estos sitios web. Recomendamos revisar sus pol\u00edticas de privacidad.  <br\/><br\/><\/p>\n\n<h3 class=\"wp-block-heading\"><strong>Privacidad infantil<\/strong><\/h3>\n\n<p>Nuestros servicios no est\u00e1n destinados a personas menores de 18 a\u00f1os. No recopilamos conscientemente informaci\u00f3n personal de menores. <br\/><br\/><\/p>\n\n<h3 class=\"wp-block-heading\"><strong>Cambios en esta Pol\u00edtica de Privacidad<\/strong><\/h3>\n\n<p>Podemos actualizar esta Pol\u00edtica de Privacidad de vez en cuando. Cualquier cambio se publicar\u00e1 en nuestro sitio web con la fecha de entrada en vigor actualizada. Te animamos a que revises esta pol\u00edtica peri\u00f3dicamente.  <br\/><br\/><\/p>\n\n<h3 class=\"wp-block-heading\"><strong>Contacta con nosotros<\/strong><\/h3>\n\n<p>Si tienes alguna pregunta o duda sobre esta Pol\u00edtica de privacidad o sobre c\u00f3mo tratamos tu informaci\u00f3n personal, ponte en contacto con nosotros en bookings@v1-retreats.com.<\/p>\n","protected":false},"excerpt":{"rendered":"<p>Introducci\u00f3n V1 Retreats (\u00abnosotros\u00bb, \u00abnuestro\u00bb, \u00abnos\u00bb) se compromete a proteger y respetar tu privacidad. Esta Pol\u00edtica de Privacidad describe c\u00f3mo recogemos, utilizamos y salvaguardamos tu informaci\u00f3n personal cuando utilizas nuestros servicios o visitas nuestro sitio web. Al utilizar nuestros servicios, aceptas los t\u00e9rminos de esta Pol\u00edtica de Privacidad. Qui\u00e9nes somos V1 Retreats es una empresa&hellip; <a class=\"more-link\" href=\"https:\/\/v1-retreats.com\/es\/politica-de-privacidad\/\">Seguir leyendo <span class=\"screen-reader-text\">Pol\u00edtica de privacidad<\/span><\/a><\/p>\n","protected":false},"author":2,"featured_media":27917,"parent":0,"menu_order":0,"comment_status":"closed","ping_status":"closed","template":"","meta":{"_acf_changed":false,"footnotes":""},"class_list":["post-27933","page","type-page","status-publish","has-post-thumbnail","hentry","entry"],"acf":[],"yoast_head":"<!-- This site is optimized with the Yoast SEO plugin v24.2 - https:\/\/yoast.com\/wordpress\/plugins\/seo\/ -->\n<title>Pol\u00edtica de privacidad - V1 Retreats<\/title>\n<meta name=\"robots\" content=\"noindex, nofollow\" \/>\n<meta property=\"og:locale\" content=\"es_ES\" \/>\n<meta property=\"og:type\" content=\"article\" \/>\n<meta property=\"og:title\" content=\"Pol\u00edtica de privacidad - V1 Retreats\" \/>\n<meta property=\"og:description\" content=\"Introducci\u00f3n V1 Retreats (\u00abnosotros\u00bb, \u00abnuestro\u00bb, \u00abnos\u00bb) se compromete a proteger y respetar tu privacidad. Esta Pol\u00edtica de Privacidad describe c\u00f3mo recogemos, utilizamos y salvaguardamos tu informaci\u00f3n personal cuando utilizas nuestros servicios o visitas nuestro sitio web. Al utilizar nuestros servicios, aceptas los t\u00e9rminos de esta Pol\u00edtica de Privacidad. Qui\u00e9nes somos V1 Retreats es una empresa&hellip; Seguir leyendo Pol\u00edtica de privacidad\" \/>\n<meta property=\"og:url\" content=\"https:\/\/v1-retreats.com\/es\/politica-de-privacidad\/\" \/>\n<meta property=\"og:site_name\" content=\"V1 Retreats\" \/>\n<meta property=\"article:modified_time\" content=\"2025-02-09T01:14:22+00:00\" \/>\n<meta property=\"og:image\" content=\"https:\/\/i0.wp.com\/v1-retreats.com\/wp-content\/uploads\/2025\/01\/V1-Access-Header.jpg?fit=2500%2C1667&ssl=1\" \/>\n\t<meta property=\"og:image:width\" content=\"2500\" \/>\n\t<meta property=\"og:image:height\" content=\"1667\" \/>\n\t<meta property=\"og:image:type\" content=\"image\/jpeg\" \/>\n<meta name=\"twitter:card\" content=\"summary_large_image\" \/>\n<meta name=\"twitter:label1\" content=\"Tiempo de lectura\" \/>\n\t<meta name=\"twitter:data1\" content=\"4 minutos\" \/>\n<script type=\"application\/ld+json\" class=\"yoast-schema-graph\">{\"@context\":\"https:\/\/schema.org\",\"@graph\":[{\"@type\":\"WebPage\",\"@id\":\"https:\/\/v1-retreats.com\/es\/politica-de-privacidad\/\",\"url\":\"https:\/\/v1-retreats.com\/es\/politica-de-privacidad\/\",\"name\":\"Pol\u00edtica de privacidad - V1 Retreats\",\"isPartOf\":{\"@id\":\"https:\/\/v1-retreats.com\/es\/#website\"},\"primaryImageOfPage\":{\"@id\":\"https:\/\/v1-retreats.com\/es\/politica-de-privacidad\/#primaryimage\"},\"image\":{\"@id\":\"https:\/\/v1-retreats.com\/es\/politica-de-privacidad\/#primaryimage\"},\"thumbnailUrl\":\"https:\/\/i0.wp.com\/v1-retreats.com\/wp-content\/uploads\/2025\/01\/V1-Access-Header.jpg?fit=2500%2C1667&ssl=1\",\"datePublished\":\"2025-01-08T08:50:41+00:00\",\"dateModified\":\"2025-02-09T01:14:22+00:00\",\"breadcrumb\":{\"@id\":\"https:\/\/v1-retreats.com\/es\/politica-de-privacidad\/#breadcrumb\"},\"inLanguage\":\"es\",\"potentialAction\":[{\"@type\":\"ReadAction\",\"target\":[\"https:\/\/v1-retreats.com\/es\/politica-de-privacidad\/\"]}]},{\"@type\":\"ImageObject\",\"inLanguage\":\"es\",\"@id\":\"https:\/\/v1-retreats.com\/es\/politica-de-privacidad\/#primaryimage\",\"url\":\"https:\/\/i0.wp.com\/v1-retreats.com\/wp-content\/uploads\/2025\/01\/V1-Access-Header.jpg?fit=2500%2C1667&ssl=1\",\"contentUrl\":\"https:\/\/i0.wp.com\/v1-retreats.com\/wp-content\/uploads\/2025\/01\/V1-Access-Header.jpg?fit=2500%2C1667&ssl=1\",\"width\":2500,\"height\":1667},{\"@type\":\"BreadcrumbList\",\"@id\":\"https:\/\/v1-retreats.com\/es\/politica-de-privacidad\/#breadcrumb\",\"itemListElement\":[{\"@type\":\"ListItem\",\"position\":1,\"name\":\"Home\",\"item\":\"https:\/\/v1-retreats.com\/es\/inicio\/\"},{\"@type\":\"ListItem\",\"position\":2,\"name\":\"Pol\u00edtica de privacidad\"}]},{\"@type\":\"WebSite\",\"@id\":\"https:\/\/v1-retreats.com\/es\/#website\",\"url\":\"https:\/\/v1-retreats.com\/es\/\",\"name\":\"V1 Retreats\",\"description\":\"Relax. Detox. Recover.\",\"publisher\":{\"@id\":\"https:\/\/v1-retreats.com\/es\/#organization\"},\"potentialAction\":[{\"@type\":\"SearchAction\",\"target\":{\"@type\":\"EntryPoint\",\"urlTemplate\":\"https:\/\/v1-retreats.com\/es\/?s={search_term_string}\"},\"query-input\":{\"@type\":\"PropertyValueSpecification\",\"valueRequired\":true,\"valueName\":\"search_term_string\"}}],\"inLanguage\":\"es\"},{\"@type\":\"Organization\",\"@id\":\"https:\/\/v1-retreats.com\/es\/#organization\",\"name\":\"V1 Retreats\",\"url\":\"https:\/\/v1-retreats.com\/es\/\",\"logo\":{\"@type\":\"ImageObject\",\"inLanguage\":\"es\",\"@id\":\"https:\/\/v1-retreats.com\/es\/#\/schema\/logo\/image\/\",\"url\":\"https:\/\/v1-retreats.com\/wp-content\/uploads\/2024\/04\/v1retreat-logo.svg\",\"contentUrl\":\"https:\/\/v1-retreats.com\/wp-content\/uploads\/2024\/04\/v1retreat-logo.svg\",\"width\":193,\"height\":23,\"caption\":\"V1 Retreats\"},\"image\":{\"@id\":\"https:\/\/v1-retreats.com\/es\/#\/schema\/logo\/image\/\"}}]}<\/script>\n<!-- \/ Yoast SEO plugin. -->","yoast_head_json":{"title":"Pol\u00edtica de privacidad - V1 Retreats","robots":{"index":"noindex","follow":"nofollow"},"og_locale":"es_ES","og_type":"article","og_title":"Pol\u00edtica de privacidad - V1 Retreats","og_description":"Introducci\u00f3n V1 Retreats (\u00abnosotros\u00bb, \u00abnuestro\u00bb, \u00abnos\u00bb) se compromete a proteger y respetar tu privacidad. Esta Pol\u00edtica de Privacidad describe c\u00f3mo recogemos, utilizamos y salvaguardamos tu informaci\u00f3n personal cuando utilizas nuestros servicios o visitas nuestro sitio web. Al utilizar nuestros servicios, aceptas los t\u00e9rminos de esta Pol\u00edtica de Privacidad. Qui\u00e9nes somos V1 Retreats es una empresa&hellip; Seguir leyendo Pol\u00edtica de privacidad","og_url":"https:\/\/v1-retreats.com\/es\/politica-de-privacidad\/","og_site_name":"V1 Retreats","article_modified_time":"2025-02-09T01:14:22+00:00","og_image":[{"width":2500,"height":1667,"url":"https:\/\/i0.wp.com\/v1-retreats.com\/wp-content\/uploads\/2025\/01\/V1-Access-Header.jpg?fit=2500%2C1667&ssl=1","type":"image\/jpeg"}],"twitter_card":"summary_large_image","twitter_misc":{"Tiempo de lectura":"4 minutos"},"schema":{"@context":"https:\/\/schema.org","@graph":[{"@type":"WebPage","@id":"https:\/\/v1-retreats.com\/es\/politica-de-privacidad\/","url":"https:\/\/v1-retreats.com\/es\/politica-de-privacidad\/","name":"Pol\u00edtica de privacidad - V1 Retreats","isPartOf":{"@id":"https:\/\/v1-retreats.com\/es\/#website"},"primaryImageOfPage":{"@id":"https:\/\/v1-retreats.com\/es\/politica-de-privacidad\/#primaryimage"},"image":{"@id":"https:\/\/v1-retreats.com\/es\/politica-de-privacidad\/#primaryimage"},"thumbnailUrl":"https:\/\/i0.wp.com\/v1-retreats.com\/wp-content\/uploads\/2025\/01\/V1-Access-Header.jpg?fit=2500%2C1667&ssl=1","datePublished":"2025-01-08T08:50:41+00:00","dateModified":"2025-02-09T01:14:22+00:00","breadcrumb":{"@id":"https:\/\/v1-retreats.com\/es\/politica-de-privacidad\/#breadcrumb"},"inLanguage":"es","potentialAction":[{"@type":"ReadAction","target":["https:\/\/v1-retreats.com\/es\/politica-de-privacidad\/"]}]},{"@type":"ImageObject","inLanguage":"es","@id":"https:\/\/v1-retreats.com\/es\/politica-de-privacidad\/#primaryimage","url":"https:\/\/i0.wp.com\/v1-retreats.com\/wp-content\/uploads\/2025\/01\/V1-Access-Header.jpg?fit=2500%2C1667&ssl=1","contentUrl":"https:\/\/i0.wp.com\/v1-retreats.com\/wp-content\/uploads\/2025\/01\/V1-Access-Header.jpg?fit=2500%2C1667&ssl=1","width":2500,"height":1667},{"@type":"BreadcrumbList","@id":"https:\/\/v1-retreats.com\/es\/politica-de-privacidad\/#breadcrumb","itemListElement":[{"@type":"ListItem","position":1,"name":"Home","item":"https:\/\/v1-retreats.com\/es\/inicio\/"},{"@type":"ListItem","position":2,"name":"Pol\u00edtica de privacidad"}]},{"@type":"WebSite","@id":"https:\/\/v1-retreats.com\/es\/#website","url":"https:\/\/v1-retreats.com\/es\/","name":"V1 Retreats","description":"Relax. Detox. Recover.","publisher":{"@id":"https:\/\/v1-retreats.com\/es\/#organization"},"potentialAction":[{"@type":"SearchAction","target":{"@type":"EntryPoint","urlTemplate":"https:\/\/v1-retreats.com\/es\/?s={search_term_string}"},"query-input":{"@type":"PropertyValueSpecification","valueRequired":true,"valueName":"search_term_string"}}],"inLanguage":"es"},{"@type":"Organization","@id":"https:\/\/v1-retreats.com\/es\/#organization","name":"V1 Retreats","url":"https:\/\/v1-retreats.com\/es\/","logo":{"@type":"ImageObject","inLanguage":"es","@id":"https:\/\/v1-retreats.com\/es\/#\/schema\/logo\/image\/","url":"https:\/\/v1-retreats.com\/wp-content\/uploads\/2024\/04\/v1retreat-logo.svg","contentUrl":"https:\/\/v1-retreats.com\/wp-content\/uploads\/2024\/04\/v1retreat-logo.svg","width":193,"height":23,"caption":"V1 Retreats"},"image":{"@id":"https:\/\/v1-retreats.com\/es\/#\/schema\/logo\/image\/"}}]}},"_links":{"self":[{"href":"https:\/\/v1-retreats.com\/es\/wp-json\/wp\/v2\/pages\/27933","targetHints":{"allow":["GET"]}}],"collection":[{"href":"https:\/\/v1-retreats.com\/es\/wp-json\/wp\/v2\/pages"}],"about":[{"href":"https:\/\/v1-retreats.com\/es\/wp-json\/wp\/v2\/types\/page"}],"author":[{"embeddable":true,"href":"https:\/\/v1-retreats.com\/es\/wp-json\/wp\/v2\/users\/2"}],"replies":[{"embeddable":true,"href":"https:\/\/v1-retreats.com\/es\/wp-json\/wp\/v2\/comments?post=27933"}],"version-history":[{"count":2,"href":"https:\/\/v1-retreats.com\/es\/wp-json\/wp\/v2\/pages\/27933\/revisions"}],"predecessor-version":[{"id":31625,"href":"https:\/\/v1-retreats.com\/es\/wp-json\/wp\/v2\/pages\/27933\/revisions\/31625"}],"wp:featuredmedia":[{"embeddable":true,"href":"https:\/\/v1-retreats.com\/es\/wp-json\/wp\/v2\/media\/27917"}],"wp:attachment":[{"href":"https:\/\/v1-retreats.com\/es\/wp-json\/wp\/v2\/media?parent=27933"}],"curies":[{"name":"wp","href":"https:\/\/api.w.org\/{rel}","templated":true}]}}