{"id":27049,"date":"2024-04-18T14:30:06","date_gmt":"2024-04-18T14:30:06","guid":{"rendered":"https:\/\/v1-retreats.com\/reiseziele\/"},"modified":"2025-01-27T10:52:48","modified_gmt":"2025-01-27T10:52:48","slug":"reiseziele","status":"publish","type":"page","link":"https:\/\/v1-retreats.com\/de\/reiseziele\/","title":{"rendered":"Reiseziele"},"content":{"rendered":"","protected":false},"excerpt":{"rendered":"","protected":false},"author":2,"featured_media":0,"parent":0,"menu_order":0,"comment_status":"closed","ping_status":"closed","template":"","meta":{"_acf_changed":false,"footnotes":""},"class_list":["post-27049","page","type-page","status-publish","hentry","entry"],"acf":[],"yoast_head":"<!-- This site is optimized with the Yoast SEO plugin v24.2 - https:\/\/yoast.com\/wordpress\/plugins\/seo\/ -->\n<title>Reiseziele - V1 Retreats<\/title>\n<meta name=\"description\" content=\"Entdecken Sie die Luxusziele von V1 Retreats. Von atemberaubenden Villen bis hin zu exklusiven Ausflugszielen - entdecken Sie Ihren n\u00e4chsten au\u00dfergew\u00f6hnlichen Urlaubsort.\" \/>\n<meta name=\"robots\" content=\"index, follow, max-snippet:-1, max-image-preview:large, max-video-preview:-1\" \/>\n<link rel=\"canonical\" href=\"https:\/\/v1-retreats.com\/de\/reiseziele\/\" \/>\n<meta property=\"og:locale\" content=\"de_DE\" \/>\n<meta property=\"og:type\" content=\"article\" \/>\n<meta property=\"og:title\" content=\"Reiseziele - V1 Retreats\" \/>\n<meta property=\"og:description\" content=\"Entdecken Sie die Luxusziele von V1 Retreats. Von atemberaubenden Villen bis hin zu exklusiven Ausflugszielen - entdecken Sie Ihren n\u00e4chsten au\u00dfergew\u00f6hnlichen Urlaubsort.\" \/>\n<meta property=\"og:url\" content=\"https:\/\/v1-retreats.com\/de\/reiseziele\/\" \/>\n<meta property=\"og:site_name\" content=\"V1 Retreats\" \/>\n<meta property=\"article:modified_time\" content=\"2025-01-27T10:52:48+00:00\" \/>\n<meta name=\"twitter:card\" content=\"summary_large_image\" \/>\n<script type=\"application\/ld+json\" class=\"yoast-schema-graph\">{\"@context\":\"https:\/\/schema.org\",\"@graph\":[{\"@type\":\"WebPage\",\"@id\":\"https:\/\/v1-retreats.com\/de\/reiseziele\/\",\"url\":\"https:\/\/v1-retreats.com\/de\/reiseziele\/\",\"name\":\"Reiseziele - V1 Retreats\",\"isPartOf\":{\"@id\":\"https:\/\/v1-retreats.com\/de\/#website\"},\"datePublished\":\"2024-04-18T14:30:06+00:00\",\"dateModified\":\"2025-01-27T10:52:48+00:00\",\"description\":\"Entdecken Sie die Luxusziele von V1 Retreats. Von atemberaubenden Villen bis hin zu exklusiven Ausflugszielen - entdecken Sie Ihren n\u00e4chsten au\u00dfergew\u00f6hnlichen Urlaubsort.\",\"breadcrumb\":{\"@id\":\"https:\/\/v1-retreats.com\/de\/reiseziele\/#breadcrumb\"},\"inLanguage\":\"de\",\"potentialAction\":[{\"@type\":\"ReadAction\",\"target\":[\"https:\/\/v1-retreats.com\/de\/reiseziele\/\"]}]},{\"@type\":\"BreadcrumbList\",\"@id\":\"https:\/\/v1-retreats.com\/de\/reiseziele\/#breadcrumb\",\"itemListElement\":[{\"@type\":\"ListItem\",\"position\":1,\"name\":\"Home\",\"item\":\"https:\/\/v1-retreats.com\/de\/startseite\/\"},{\"@type\":\"ListItem\",\"position\":2,\"name\":\"Reiseziele\"}]},{\"@type\":\"WebSite\",\"@id\":\"https:\/\/v1-retreats.com\/de\/#website\",\"url\":\"https:\/\/v1-retreats.com\/de\/\",\"name\":\"V1 Retreats\",\"description\":\"Relax. Detox. Recover.\",\"publisher\":{\"@id\":\"https:\/\/v1-retreats.com\/de\/#organization\"},\"potentialAction\":[{\"@type\":\"SearchAction\",\"target\":{\"@type\":\"EntryPoint\",\"urlTemplate\":\"https:\/\/v1-retreats.com\/de\/?s={search_term_string}\"},\"query-input\":{\"@type\":\"PropertyValueSpecification\",\"valueRequired\":true,\"valueName\":\"search_term_string\"}}],\"inLanguage\":\"de\"},{\"@type\":\"Organization\",\"@id\":\"https:\/\/v1-retreats.com\/de\/#organization\",\"name\":\"V1 Retreats\",\"url\":\"https:\/\/v1-retreats.com\/de\/\",\"logo\":{\"@type\":\"ImageObject\",\"inLanguage\":\"de\",\"@id\":\"https:\/\/v1-retreats.com\/de\/#\/schema\/logo\/image\/\",\"url\":\"https:\/\/v1-retreats.com\/wp-content\/uploads\/2024\/04\/v1retreat-logo.svg\",\"contentUrl\":\"https:\/\/v1-retreats.com\/wp-content\/uploads\/2024\/04\/v1retreat-logo.svg\",\"width\":193,\"height\":23,\"caption\":\"V1 Retreats\"},\"image\":{\"@id\":\"https:\/\/v1-retreats.com\/de\/#\/schema\/logo\/image\/\"}}]}<\/script>\n<!-- \/ Yoast SEO plugin. -->","yoast_head_json":{"title":"Reiseziele - V1 Retreats","description":"Entdecken Sie die Luxusziele von V1 Retreats. Von atemberaubenden Villen bis hin zu exklusiven Ausflugszielen - entdecken Sie Ihren n\u00e4chsten au\u00dfergew\u00f6hnlichen Urlaubsort.","robots":{"index":"index","follow":"follow","max-snippet":"max-snippet:-1","max-image-preview":"max-image-preview:large","max-video-preview":"max-video-preview:-1"},"canonical":"https:\/\/v1-retreats.com\/de\/reiseziele\/","og_locale":"de_DE","og_type":"article","og_title":"Reiseziele - V1 Retreats","og_description":"Entdecken Sie die Luxusziele von V1 Retreats. Von atemberaubenden Villen bis hin zu exklusiven Ausflugszielen - entdecken Sie Ihren n\u00e4chsten au\u00dfergew\u00f6hnlichen Urlaubsort.","og_url":"https:\/\/v1-retreats.com\/de\/reiseziele\/","og_site_name":"V1 Retreats","article_modified_time":"2025-01-27T10:52:48+00:00","twitter_card":"summary_large_image","schema":{"@context":"https:\/\/schema.org","@graph":[{"@type":"WebPage","@id":"https:\/\/v1-retreats.com\/de\/reiseziele\/","url":"https:\/\/v1-retreats.com\/de\/reiseziele\/","name":"Reiseziele - V1 Retreats","isPartOf":{"@id":"https:\/\/v1-retreats.com\/de\/#website"},"datePublished":"2024-04-18T14:30:06+00:00","dateModified":"2025-01-27T10:52:48+00:00","description":"Entdecken Sie die Luxusziele von V1 Retreats. Von atemberaubenden Villen bis hin zu exklusiven Ausflugszielen - entdecken Sie Ihren n\u00e4chsten au\u00dfergew\u00f6hnlichen Urlaubsort.","breadcrumb":{"@id":"https:\/\/v1-retreats.com\/de\/reiseziele\/#breadcrumb"},"inLanguage":"de","potentialAction":[{"@type":"ReadAction","target":["https:\/\/v1-retreats.com\/de\/reiseziele\/"]}]},{"@type":"BreadcrumbList","@id":"https:\/\/v1-retreats.com\/de\/reiseziele\/#breadcrumb","itemListElement":[{"@type":"ListItem","position":1,"name":"Home","item":"https:\/\/v1-retreats.com\/de\/startseite\/"},{"@type":"ListItem","position":2,"name":"Reiseziele"}]},{"@type":"WebSite","@id":"https:\/\/v1-retreats.com\/de\/#website","url":"https:\/\/v1-retreats.com\/de\/","name":"V1 Retreats","description":"Relax. Detox. Recover.","publisher":{"@id":"https:\/\/v1-retreats.com\/de\/#organization"},"potentialAction":[{"@type":"SearchAction","target":{"@type":"EntryPoint","urlTemplate":"https:\/\/v1-retreats.com\/de\/?s={search_term_string}"},"query-input":{"@type":"PropertyValueSpecification","valueRequired":true,"valueName":"search_term_string"}}],"inLanguage":"de"},{"@type":"Organization","@id":"https:\/\/v1-retreats.com\/de\/#organization","name":"V1 Retreats","url":"https:\/\/v1-retreats.com\/de\/","logo":{"@type":"ImageObject","inLanguage":"de","@id":"https:\/\/v1-retreats.com\/de\/#\/schema\/logo\/image\/","url":"https:\/\/v1-retreats.com\/wp-content\/uploads\/2024\/04\/v1retreat-logo.svg","contentUrl":"https:\/\/v1-retreats.com\/wp-content\/uploads\/2024\/04\/v1retreat-logo.svg","width":193,"height":23,"caption":"V1 Retreats"},"image":{"@id":"https:\/\/v1-retreats.com\/de\/#\/schema\/logo\/image\/"}}]}},"_links":{"self":[{"href":"https:\/\/v1-retreats.com\/de\/wp-json\/wp\/v2\/pages\/27049","targetHints":{"allow":["GET"]}}],"collection":[{"href":"https:\/\/v1-retreats.com\/de\/wp-json\/wp\/v2\/pages"}],"about":[{"href":"https:\/\/v1-retreats.com\/de\/wp-json\/wp\/v2\/types\/page"}],"author":[{"embeddable":true,"href":"https:\/\/v1-retreats.com\/de\/wp-json\/wp\/v2\/users\/2"}],"replies":[{"embeddable":true,"href":"https:\/\/v1-retreats.com\/de\/wp-json\/wp\/v2\/comments?post=27049"}],"version-history":[{"count":1,"href":"https:\/\/v1-retreats.com\/de\/wp-json\/wp\/v2\/pages\/27049\/revisions"}],"predecessor-version":[{"id":29486,"href":"https:\/\/v1-retreats.com\/de\/wp-json\/wp\/v2\/pages\/27049\/revisions\/29486"}],"wp:attachment":[{"href":"https:\/\/v1-retreats.com\/de\/wp-json\/wp\/v2\/media?parent=27049"}],"curies":[{"name":"wp","href":"https:\/\/api.w.org\/{rel}","templated":true}]}}